{"id":16265,"date":"2026-05-15T08:02:46","date_gmt":"2026-05-15T07:02:46","guid":{"rendered":"https:\/\/www.canjuliana.com\/humor-amarillo-junior-aigua\/"},"modified":"2026-05-15T08:37:11","modified_gmt":"2026-05-15T07:37:11","slug":"humor-amarillo-agua-junior","status":"publish","type":"page","link":"https:\/\/www.canjuliana.com\/es\/humor-amarillo-agua-junior\/","title":{"rendered":"Humor Amarillo Agua Junior"},"content":{"rendered":"<div class=\"full-width col-xl-12 col-lg-12 col-md-12 col-sm-12 col-xs-12 pl-0 pr-0\">\n<div id=\"fixed-restaurant\"><a href=\"#bar-restaurant-anchor\">Queda&#8217;t a dinar!<\/a><\/div>\n<div class=\"content-container\">\n<div class=\"slider\"><img decoding=\"async\" title=\"humor amarillo junior agua\" src=\"https:\/\/www.canjuliana.com\/wp-content\/uploads\/2026\/05\/banner-humor-amarillo-junior-agua.jpg\" alt=\"humor amarillo junior agua\" \/><\/div>\n<div class=\"col-xl-12 col-lg-12 col-md-12 col-sm-12 col-xs-12 pl-0 pr-0\">\n<div class=\"texto-intro-pa\">\n<h1 style=\"text-align: center;font-weight: bold;margin-bottom: 20px;border-bottom: 2px solid #F1865D;\">Humor Amarillo \u201cagua\u201d Junior<\/h1>\n<p>Las <strong>Gimcanas m\u00e1s divertidas de Barcelona<\/strong> las encontrar\u00e1s en Can Juliana, donde disfrutar\u00e1s de una actividad diferente, inspirada en los programas <strong>Humor Amarillo<\/strong> y \u00abGladiador Americano\u00bb.<\/p>\n<p>Si eres de los que te gusta probar todas las actividades del mercado y siempre lo encuentras todo igual, \u00a1no lo dudes m\u00e1s! \u00a1Re\u00fane a un grupito de amigos y venid a pasarlo bien riendo como nunca!<br \/>\nDisfruta de nuestro Humor Amarillo de agua y m\u00e1s actividades como lucha gladiadores, la barredora, las bolas gigantes, Tubby y Tubby Jumps, trampolin, atrapabolas.<\/p>\n<div class=\"detalls\">\n<div class=\"detall edatMinima\"><span class=\"titolDetall\">EDAD M\u00cdNIMA<\/span>\u00a0 8 <span class=\"subt\">a\u00f1os<\/span><\/div>\n<div class=\"detall durada\"><span class=\"titolDetall\">DURACI\u00d3N<\/span> 2h 15m<span class=\"subt\"><\/span><\/div>\n<div class=\"detall grup\"><span class=\"titolDetall\">GRUPO<\/span> +8<span class=\"subt\"> personas<\/span><\/div>\n<div class=\"detall grup\"><span class=\"titolDetall\">PRECIO<\/span> 29\u20ac<\/div>\n<\/div>\n<div class=\"botones-activitats\"><a class=\"boton-reserva\" href=\"#reserva\">RESERVAR<\/a><\/div>\n<\/div>\n<div class=\"proves-container col-xl-12 col-lg-12 col-md-12 col-sm-12 col-xs-12 pl-0 pr-0\">\n<h2>Nuestras pruebas<\/h2>\n<p>Durante el recorrido del circuito de Humor Amarillo podr\u00e1 disfrutar de todas nuestras pruebas y siempre estar\u00e1 guiado por uno de nuestros monitores. A ritmo de fiesta una vez comience ir\u00e1 saltando de prueba en prueba hasta llegar a aquellas m\u00e1s t\u00e9cnicas, atrevidas y sobre todo divertidas!<\/p>\n<div class=\"content-proves\">\n<div class=\"prova col-xl-4 col-lg-4 col-md-4 col-sm-12 col-xs-12 col-12\">\n<div class=\"img-prova\"><img loading=\"lazy\" decoding=\"async\" class=\"lightbox-false\" title=\"El trampol\u00ed\" src=\"https:\/\/www.canjuliana.com\/wp-content\/uploads\/2019\/06\/el-trampoli-2.jpg\" alt=\"El trampol\u00ed\" width=\"456\" height=\"350\" \/><\/div>\n<div class=\"content-prova\">\n<h3>El trampol\u00edn<\/h3>\n<p>\u00a1Aprende a caer al vac\u00edo y pierde el miedo a las alturas en nuestro trampol\u00edn con airbag gigante!<\/p>\n<\/div>\n<\/div>\n<div class=\"prova col-xl-4 col-lg-4 col-md-4 col-sm-12 col-xs-12 col-12\">\n<div class=\"img-prova\"><img loading=\"lazy\" decoding=\"async\" class=\"lightbox-false\" title=\"Tubby Jump\" src=\"https:\/\/www.canjuliana.com\/wp-content\/uploads\/2018\/11\/tubbyjump-3.jpg\" alt=\"Tubby Jump\" width=\"800\" height=\"600\" \/><\/div>\n<div class=\"content-prova\">\n<h3>Tubby Jump<\/h3>\n<p>\u00a1Si ya ha perdido el miedo a las alturas y ha sentido la velocidad en la cara s\u00f3lo le queda colar con nuestro tobog\u00e1n con salto! (a partir de 15 a\u00f1os)<\/p>\n<\/div>\n<\/div>\n<div class=\"prova col-xl-4 col-lg-4 col-md-4 col-sm-12 col-xs-12 col-12\">\n<div class=\"img-prova\"><img loading=\"lazy\" decoding=\"async\" class=\"lightbox-false\" title=\"Tubby Slide\" src=\"https:\/\/www.canjuliana.com\/wp-content\/uploads\/2018\/11\/activitats-tubby-slide-2.jpg\" alt=\"Tubby Slide\" width=\"800\" height=\"600\" \/><\/div>\n<div class=\"content-prova\">\n<h3>Tubby Slide<\/h3>\n<p>\u00bfSer\u00e1s capaz de dejarte caer por nuestro tobog\u00e1n? \u00a1Disfruta y siente la velocidad en la propia piel!<\/p>\n<\/div>\n<\/div>\n<div class=\"prova col-xl-4 col-lg-4 col-md-4 col-sm-12 col-xs-12 col-12\">\n<div class=\"img-prova\"><img loading=\"lazy\" decoding=\"async\" class=\"alignnone wp-image-15684\" src=\"https:\/\/www.canjuliana.com\/wp-content\/uploads\/2024\/03\/can-juliana-atrapa-bolas.jpg\" alt=\"\" width=\"495\" height=\"380\" srcset=\"https:\/\/www.canjuliana.com\/wp-content\/uploads\/2024\/03\/can-juliana-atrapa-bolas.jpg 405w, https:\/\/www.canjuliana.com\/wp-content\/uploads\/2024\/03\/can-juliana-atrapa-bolas-300x230.jpg 300w, https:\/\/www.canjuliana.com\/wp-content\/uploads\/2024\/03\/can-juliana-atrapa-bolas-150x115.jpg 150w\" sizes=\"auto, (max-width: 495px) 100vw, 495px\" \/><\/div>\n<div class=\"content-prova\">\n<h3>El tragabolas<\/h3>\n<p>Rellena el cesto de bolas m\u00e1s r\u00e1pido que el equipo contrario, lucha contra la fuerza de la cuerda que llevar\u00e1s atada con un arn\u00e9s.<\/p>\n<\/div>\n<\/div>\n<div class=\"prova col-xl-4 col-lg-4 col-md-4 col-sm-12 col-xs-12 col-12\">\n<div class=\"img-prova\"><img loading=\"lazy\" decoding=\"async\" class=\"alignnone wp-image-15684\" src=\"https:\/\/www.canjuliana.com\/wp-content\/uploads\/2026\/05\/gladiador-aigua.jpg\" alt=\"\" width=\"495\" height=\"380\" \/><\/div>\n<div class=\"content-prova\">\n<h3>El Gladiador<\/h3>\n<p>Enfr\u00e9ntate con tu contrincante y deja salir el gladiador que llevas dentro de ti. \u00a1Coge fuerzas y haz caer al enemigo al agua!<\/p>\n<\/div>\n<\/div>\n<div class=\"prova col-xl-4 col-lg-4 col-md-4 col-sm-12 col-xs-12 col-12\">\n<div class=\"img-prova\"><img loading=\"lazy\" decoding=\"async\" class=\"alignnone wp-image-15684\" src=\"https:\/\/www.canjuliana.com\/wp-content\/uploads\/2024\/05\/la-barredora.jpg\" alt=\"\" width=\"495\" height=\"380\" \/><\/div>\n<div class=\"content-prova\">\n<h3>La Barredora<\/h3>\n<p>Demuestra tu habilidad saltando y esquivando a la barredora m\u00e1s r\u00e1pida. Supera a tus contrincantes quedando el \u00faltimo en el ring.<\/p>\n<\/div>\n<\/div>\n<div class=\"prova col-xl-4 col-lg-4 col-md-4 col-sm-12 col-xs-12 col-12\">\n<div class=\"img-prova\"><img loading=\"lazy\" decoding=\"async\" class=\"alignnone wp-image-15684\" src=\"https:\/\/www.canjuliana.com\/wp-content\/uploads\/2026\/05\/cursa-obstacles.jpg\" alt=\"\" width=\"495\" height=\"380\" \/><\/div>\n<div class=\"content-prova\">\n<h3>Carrera de obst\u00e1culos<\/h3>\n<p>S\u00e9 el m\u00e1s r\u00e1pido y supera la carrera de obst\u00e1culos para conseguir darle al victoria a tu equipo. Prep\u00e1rate para pasar por t\u00faneles, agujeros y toboganes compitiendo con el otro equipo.\n<\/p><\/div>\n<\/div>\n<div class=\"prova col-xl-4 col-lg-4 col-md-4 col-sm-12 col-xs-12 col-12\">\n<div class=\"img-prova\"><img loading=\"lazy\" decoding=\"async\" class=\"alignnone wp-image-15684\" src=\"https:\/\/www.canjuliana.com\/wp-content\/uploads\/2026\/05\/wipeout-2.jpg\" alt=\"\" width=\"495\" height=\"380\" \/><\/div>\n<div class=\"content-prova\">\n<h3>WipeOut<\/h3>\n<p>Demuestra tu equilibrio y velocidad saltando por encima de las bolas Wipe Out. S\u00e9 m\u00e1s r\u00e1pido y \u00e1gil que tu equipo contrario.\n<\/p><\/div>\n<\/div>\n<div class=\"prova col-xl-4 col-lg-4 col-md-4 col-sm-12 col-xs-12 col-12\">\n<div class=\"img-prova\"><img loading=\"lazy\" decoding=\"async\" class=\"alignnone wp-image-15684\" src=\"https:\/\/www.canjuliana.com\/wp-content\/uploads\/2026\/05\/speed-splash.jpg\" alt=\"\" width=\"495\" height=\"380\" \/><\/div>\n<div class=\"content-prova\">\n<h3>Speed Splash<\/h3>\n<p>La velocidad es esencial\u2026 \u00a1pero mantener el equilibrio a\u00fan m\u00e1s! Corre tan r\u00e1pido como puedas por esta pista resbaladiza. \u00a1No caigas en el agua y llega hasta el final antes que tus rivales!\n<\/p><\/div>\n<\/div>\n<div class=\"prova col-xl-4 col-lg-4 col-md-4 col-sm-12 col-xs-12 col-12\">\n<div class=\"img-prova\"><img loading=\"lazy\" decoding=\"async\" class=\"alignnone wp-image-15684\" src=\"https:\/\/www.canjuliana.com\/wp-content\/uploads\/2026\/05\/temple-equilibri.jpg\" alt=\"\" width=\"495\" height=\"380\" \/><\/div>\n<div class=\"content-prova\">\n<h3>El templo del equilibrio<\/h3>\n<p>S\u00f3lo los m\u00e1s h\u00e1biles conseguir\u00e1n superar este templo lleno de plataformas inestables, puentes traidores y obst\u00e1culos inesperados. Mantiene el equilibrio, controla los nervios y avanza sin caer en el agua.\n<\/p><\/div>\n<\/div>\n<\/div>\n<\/div>\n<\/div>\n<\/div>\n<\/div>\n","protected":false},"excerpt":{"rendered":"<p>Queda&#8217;t a dinar! Humor Amarillo \u201cagua\u201d Junior Las Gimcanas m\u00e1s divertidas de Barcelona las encontrar\u00e1s en Can Juliana, donde disfrutar\u00e1s de una actividad diferente, inspirada en los programas Humor Amarillo y \u00abGladiador Americano\u00bb. Si eres de los que te gusta probar todas las actividades del mercado y siempre lo encuentras todo igual, \u00a1no lo dudes [&hellip;]<\/p>\n","protected":false},"author":4,"featured_media":0,"parent":0,"menu_order":0,"comment_status":"closed","ping_status":"closed","template":"template-servei.php","meta":{"rank_math_lock_modified_date":false,"footnotes":""},"class_list":["post-16265","page","type-page","status-publish","hentry"],"_links":{"self":[{"href":"https:\/\/www.canjuliana.com\/es\/wp-json\/wp\/v2\/pages\/16265","targetHints":{"allow":["GET"]}}],"collection":[{"href":"https:\/\/www.canjuliana.com\/es\/wp-json\/wp\/v2\/pages"}],"about":[{"href":"https:\/\/www.canjuliana.com\/es\/wp-json\/wp\/v2\/types\/page"}],"author":[{"embeddable":true,"href":"https:\/\/www.canjuliana.com\/es\/wp-json\/wp\/v2\/users\/4"}],"replies":[{"embeddable":true,"href":"https:\/\/www.canjuliana.com\/es\/wp-json\/wp\/v2\/comments?post=16265"}],"version-history":[{"count":4,"href":"https:\/\/www.canjuliana.com\/es\/wp-json\/wp\/v2\/pages\/16265\/revisions"}],"predecessor-version":[{"id":16270,"href":"https:\/\/www.canjuliana.com\/es\/wp-json\/wp\/v2\/pages\/16265\/revisions\/16270"}],"wp:attachment":[{"href":"https:\/\/www.canjuliana.com\/es\/wp-json\/wp\/v2\/media?parent=16265"}],"curies":[{"name":"wp","href":"https:\/\/api.w.org\/{rel}","templated":true}]}}