{"id":16143,"date":"2025-09-09T10:51:04","date_gmt":"2025-09-09T09:51:04","guid":{"rendered":"https:\/\/www.canjuliana.com\/alquiler-de-sala\/lloguer-sala-paller\/"},"modified":"2026-02-02T15:33:54","modified_gmt":"2026-02-02T14:33:54","slug":"alquiler-sala-paller","status":"publish","type":"page","link":"https:\/\/www.canjuliana.com\/es\/alquiler-de-sala\/alquiler-sala-paller\/","title":{"rendered":"Alquiler sala Paller 360\u20ac"},"content":{"rendered":"<div class=\"content-container\">\n<div class=\"slider\">\n\t\t\t<!-- START Lloguer sala REVOLUTION SLIDER 6.5.20 --><p class=\"rs-p-wp-fix\"><\/p>\n\t\t\t<rs-module-wrap id=\"rev_slider_84_1_wrapper\" data-source=\"gallery\" style=\"visibility:hidden;background:transparent;padding:0;margin:0px auto;margin-top:0;margin-bottom:0;\">\n\t\t\t\t<rs-module id=\"rev_slider_84_1\" style=\"\" data-version=\"6.5.20\">\n\t\t\t\t\t<rs-slides>\n\t\t\t\t\t\t<rs-slide style=\"position: absolute;\" data-key=\"rs-227\" data-title=\"Intro\" data-duration=\"5010\" data-in=\"o:1;x:-100%;\">\n\t\t\t\t\t\t\t<img loading=\"lazy\" decoding=\"async\" src=\"\/\/www.canjuliana.com\/wp-content\/plugins\/revslider\/public\/assets\/assets\/dummy.png\" alt=\"lloguer sala can juliana\" title=\"slide-lloguer-sala\" width=\"1300\" height=\"520\" class=\"rev-slidebg tp-rs-img rs-lazyload\" data-lazyload=\"\/\/www.canjuliana.com\/wp-content\/uploads\/2020\/05\/slide-lloguer-sala.jpg\" data-parallax=\"10\" data-no-retina>\n<!--\n\t\t\t\t\t\t\t--><rs-layer\n\t\t\t\t\t\t\t\tid=\"slider-84-slide-227-layer-1\" \n\t\t\t\t\t\t\t\tdata-type=\"text\"\n\t\t\t\t\t\t\t\tdata-rsp_ch=\"on\"\n\t\t\t\t\t\t\t\tdata-xy=\"x:c;xo:11px;y:m;\"\n\t\t\t\t\t\t\t\tdata-text=\"s:60;l:70;fw:700;a:center;\"\n\t\t\t\t\t\t\t\tdata-frame_999=\"o:0;st:w;sR:4710;\"\n\t\t\t\t\t\t\t\tstyle=\"z-index:5;font-family:'Open Sans';\"\n\t\t\t\t\t\t\t> <h1>LLOGUER DE SALES<\/h1> \n\t\t\t\t\t\t\t<\/rs-layer><!--\n-->\t\t\t\t\t\t<\/rs-slide>\n\t\t\t\t\t<\/rs-slides>\n\t\t\t\t<\/rs-module>\n\t\t\t\t<script>\n\t\t\t\t\tsetREVStartSize({c: 'rev_slider_84_1',rl:[1240,1024,778,480],el:[352,768,960,720],gw:[1240,1024,778,480],gh:[352,768,960,720],type:'standard',justify:'',layout:'fullwidth',mh:\"0\"});if (window.RS_MODULES!==undefined && window.RS_MODULES.modules!==undefined && window.RS_MODULES.modules[\"revslider841\"]!==undefined) {window.RS_MODULES.modules[\"revslider841\"].once = false;window.revapi84 = undefined;if (window.RS_MODULES.checkMinimal!==undefined) window.RS_MODULES.checkMinimal()}\n\t\t\t\t<\/script>\n\t\t\t<\/rs-module-wrap>\n\t\t\t<!-- END REVOLUTION SLIDER -->\n<\/div>\n<div class=\"col-xl-12 col-lg-12 col-md-12 col-sm-12 col-xs-12 pl-0 pr-0\">\n<div class=\"texto-intro-pa\">\n<p>En la Mas\u00eda disponemos de 2 salas para alquilar, con capacidad de hasta 50 personas, para gozar de un entorno \u00fanico y acogedor.<br \/>\nAdem\u00e1s, ofrecemos la posibilidad de realizar actividades para realizar tu experiencia a\u00fan m\u00e1s divertida y memorable.<\/p>\n<\/div>\n<div class=\"texto-content-empresa sala-paller\">\n<h2 class=\"subtitol subtitol-border\">Alquiler de sala Paller 360\u20ac<\/h2>\n<div class=\"bloc-sales col-xl-6 col-lg-6 col-md-12 col-sm-12 col-xs-12 pl-0 pr-0\">\n<p><span class=\"strong\">Si buscas un espacio ideal para reuniones, celebraciones o eventos, \u00a1la Sala Paller es la soluci\u00f3n perfecta! <\/span><\/p>\n<p>Con capacidad para 50 personas, este espacio es ideal para grupos que desean disfrutar de un ambiente c\u00f3modo y acogedor.<\/p>\n<p>Caracter\u00edsticas de la sala:<\/p>\n<ul style=\"margin-left: 0px;\">\n<li>Equipamiento completo: Incluye mesas y sillas, nevera, congelador, microondas y calefacci\u00f3n para su comodidad.<\/li>\n<li>Pat\u00edn exterior de 200 m\u00b2: Disfruta de nuestro amplio patio con barbacoa y mesas de picnic, perfecto para disfrutar del aire libre y comer con amigos o familia.<\/li>\n<\/ul>\n<p>Horario: Abierto de 10 ha 20 h, adaptado a tus necesidades.<\/p>\n<p>No dejes pasar la oportunidad de disfrutar de ese espacio \u00fanico. Cont\u00e1ctanos para m\u00e1s informaci\u00f3n y para realizar tu reserva. \u00a1Te esperamos en la Sala<\/p>\n<div class=\"detalls\" style=\"grid-template-columns: 2fr 2fr;\">\n<div class=\"detall edatMinima\"><span class=\"titolDetall\">SALA <\/span>60m<sup>2<\/sup><\/div>\n<div class=\"detall preu\"><span class=\"titolDetall\">PATIO <\/span>200m<sup>2<\/sup><\/div>\n<div class=\"detall durada\"><span class=\"titolDetall\">CAPACIDAD<\/span>50 personas<\/div>\n<div class=\"detall grup\"><span class=\"titolDetall\">HORARIO ALQUILER <\/span>de 10h a 20h<\/div>\n<\/div>\n<\/div>\n<div class=\"top-left-after img-activitat col-xl-6 col-lg-6 col-md-12 col-sm-12 col-xs-12 col-12\">\n<div id=\"carouselExampleControls\" class=\"carousel slide\" data-ride=\"carousel\">\n<div class=\"carousel-inner\">\n<div class=\"carousel-item active\"><img decoding=\"async\" class=\"d-block w-100\" src=\"\/wp-content\/uploads\/2020\/05\/sala-el-paller-1.jpg\" alt=\"lloguer de sala el paller\" \/><\/div>\n<div class=\"carousel-item\"><img decoding=\"async\" class=\"d-block w-100\" src=\"\/wp-content\/uploads\/2020\/05\/sala-el-paller-2.jpg\" alt=\"lloguer de sala el paller\" \/><\/div>\n<div class=\"carousel-item\"><img decoding=\"async\" class=\"d-block w-100\" src=\"\/wp-content\/uploads\/2020\/05\/sala-el-paller-3.jpg\" alt=\"lloguer de sala el paller\" \/><\/div>\n<div class=\"carousel-item\"><img decoding=\"async\" class=\"d-block w-100\" src=\"\/wp-content\/uploads\/2020\/05\/sala-el-paller-4.jpg\" alt=\"lloguer de sala el paller\" \/><\/div>\n<div class=\"carousel-item\"><img decoding=\"async\" class=\"d-block w-100\" src=\"\/wp-content\/uploads\/2024\/09\/sala-el-paller-5.jpg\" alt=\"lloguer de sala el paller\" \/><\/div>\n<div class=\"carousel-item\"><img decoding=\"async\" class=\"d-block w-100\" src=\"\/wp-content\/uploads\/2024\/09\/sala-el-paller-6.jpg\" alt=\"lloguer de sala el paller\" \/><\/div>\n<div class=\"carousel-item\"><img decoding=\"async\" class=\"d-block w-100\" src=\"\/wp-content\/uploads\/2024\/09\/sala-el-paller-7.jpg\" alt=\"lloguer de sala el paller\" \/><\/div>\n<div class=\"carousel-item\"><img decoding=\"async\" class=\"d-block w-100\" src=\"\/wp-content\/uploads\/2024\/09\/sala-el-paller-8.jpg\" alt=\"lloguer de sala el paller\" \/><\/div>\n<div class=\"carousel-item\"><img decoding=\"async\" class=\"d-block w-100\" src=\"\/wp-content\/uploads\/2024\/09\/sala-el-paller-9.jpg\" alt=\"lloguer de sala el paller\" \/><\/div>\n<div class=\"carousel-item\"><img decoding=\"async\" class=\"d-block w-100\" src=\"\/wp-content\/uploads\/2025\/01\/sala-el-paller-10.jpg\" alt=\"lloguer de sala el paller\" \/><\/div>\n<div class=\"carousel-item\"><img decoding=\"async\" class=\"d-block w-100\" src=\"\/wp-content\/uploads\/2025\/01\/sala-el-paller-11.jpg\" alt=\"lloguer de sala el paller\" \/><\/div>\n<\/div>\n<p><a class=\"carousel-control-prev\" role=\"button\" href=\"#carouselExampleControls\" data-slide=\"prev\"><span class=\"sr-only\">Previous<\/span><\/a><br \/>\n<a class=\"carousel-control-next\" role=\"button\" href=\"#carouselExampleControls\" data-slide=\"next\"><span class=\"sr-only\">Next<\/span><\/a><\/p>\n<\/div>\n<\/div>\n<\/div>\n<div class=\"texto-content-empresa serveis-empresa\">\n<h2 class=\"subtitol\">Instalaciones de la sala<\/h2>\n<div class=\"bloc-instalacions col-xl-12 col-lg-12 col-md-12 col-sm-12 col-xs-12 pl-0 pr-0\">\n<div class=\"projector col-xl-3 col-lg-3 col-md-6 col-sm-12 col-xs-12 pl-0 pr-0\">\n<div class=\"icono\"><\/div>\n<p>Proyector<\/p>\n<\/div>\n<div class=\"pantalla col-xl-3 col-lg-3 col-md-6 col-sm-12 col-xs-12 pl-0 pr-0\">\n<div class=\"icono\"><\/div>\n<p>Pantalla<\/p>\n<\/div>\n<div class=\"taules col-xl-3 col-lg-3 col-md-6 col-sm-12 col-xs-12 pl-0 pr-0\">\n<div class=\"icono\"><\/div>\n<p>Mesas<\/p>\n<\/div>\n<div class=\"cadires col-xl-3 col-lg-3 col-md-6 col-sm-12 col-xs-12 pl-0 pr-0\">\n<div class=\"icono\"><\/div>\n<p>Sillas<\/p>\n<\/div>\n<div class=\"taules-ext col-xl-3 col-lg-3 col-md-6 col-sm-12 col-xs-12 pl-0 pr-0\">\n<div class=\"icono\"><\/div>\n<p>Mesas exteriores<\/p>\n<\/div>\n<div class=\"musica col-xl-3 col-lg-3 col-md-6 col-sm-12 col-xs-12 pl-0 pr-0\">\n<div class=\"icono\"><\/div>\n<p>Equipo de m\u00fasica<\/p>\n<\/div>\n<div class=\"barbacoa col-xl-3 col-lg-3 col-md-6 col-sm-12 col-xs-12 pl-0 pr-0\">\n<div class=\"icono\"><\/div>\n<p>Barbacoa<\/p>\n<\/div>\n<\/div>\n<\/div>\n<div class=\"detalls-sala col-xl-12 col-lg-12 col-md-12 col-sm-12 col-xs-12 pl-0 pr-0\">\n<div class=\"detalls\">\n<div><\/div>\n<\/div>\n<\/div>\n<\/div>\n<div class=\"col-xl-12 col-lg-12 col-md-12 col-sm-12 col-xs-12 pl-0 pr-0\">\n<div class=\"detalls-sala col-xl-12 col-lg-12 col-md-12 col-sm-12 col-xs-12 pl-0 pr-0\"><\/div>\n<p><!--\n\n\n<div id=\"bar-restaurant\" class=\"texto-content-empresa restaurante\">\n\n\n<h2 class=\"subtitol\">Servicio Bar<\/h2>\n\n\n<span class=\"subtitol-border\">\u00a1Qu\u00e9date a comer!<\/span>\n\n\n<div class=\"bloc-sales col-xl-6 col-lg-6 col-md-12 col-sm-12 col-xs-12 pl-0 pr-0\">\n\nAprovecha nuestro <strong>servicio de bar<\/strong> y completa el d\u00eda qued\u00e1ndote a comer, haciendo un vermut o un fregadero. Podr\u00e1s tomar un refresco acompa\u00f1ado de una buena hamburguesa, un bocadillo muy completo o una rica ensalada en una de nuestras terrazas con vistas privilegiadas.\n\n\n<div class=\"popmake-carta pum-trigger\" style=\"cursor: pointer;\">Ver precios<\/div>\n\n\n<\/div>\n\n\n\n\n<div class=\" col-xl-6 col-lg-6 col-md-12 col-sm-12 col-xs-12 pl-0 pr-0\">\n\n\n<div class=\"top-left-after img-activitat col-xl-12 col-lg-12 col-md-12 col-sm-12 col-xs-12 col-12\">\n\n\n<div id=\"carouselExampleControls2\" class=\"carousel slide\" data-ride=\"carousel\">\n\n\n<div class=\"carousel-inner\">\n\n\n<div class=\"carousel-item active\"><img decoding=\"async\" class=\"d-block w-100\" src=\"\/wp-content\/uploads\/bar-restaurant-1.jpg\" alt=\"restaurant\" \/><\/div>\n\n\n\n\n<div class=\"carousel-item\"><img decoding=\"async\" class=\"d-block w-100\" src=\"\/wp-content\/uploads\/bar-restaurant-2.jpg\" alt=\"restaurant\" \/><\/div>\n\n\n<\/div>\n\n\n&nbsp;\n\n<span class=\"sr-only\">Previous<\/span>\n\n<span class=\"sr-only\">Next<\/span>\n\n<\/div>\n\n\n<\/div>\n\n\n<\/div>\n\n\n--><\/p>\n<\/div>\n<\/div>\n<div id=\"reserva1\" class=\"regiondo-booking-widget\" style=\"display: block; width: 100%; float: left; clear: both;\" data-locale=\"es_ES\" data-provider=\"CA116\" data-product=\"T-CA116-224260\" data-title=\"Sala Pajar\" data-url=\"https:\/\/canjuliana.regiondo.es\/\" data-font=\"Open Sans\"><\/div>\n","protected":false},"excerpt":{"rendered":"<p>En la Mas\u00eda disponemos de 2 salas para alquilar, con capacidad de hasta 50 personas, para gozar de un entorno \u00fanico y acogedor. Adem\u00e1s, ofrecemos la posibilidad de realizar actividades para realizar tu experiencia a\u00fan m\u00e1s divertida y memorable. Alquiler de sala Paller 360\u20ac Si buscas un espacio ideal para reuniones, celebraciones o eventos, \u00a1la [&hellip;]<\/p>\n","protected":false},"author":4,"featured_media":0,"parent":13550,"menu_order":0,"comment_status":"closed","ping_status":"closed","template":"","meta":{"rank_math_lock_modified_date":false,"footnotes":""},"class_list":["post-16143","page","type-page","status-publish","hentry"],"_links":{"self":[{"href":"https:\/\/www.canjuliana.com\/es\/wp-json\/wp\/v2\/pages\/16143","targetHints":{"allow":["GET"]}}],"collection":[{"href":"https:\/\/www.canjuliana.com\/es\/wp-json\/wp\/v2\/pages"}],"about":[{"href":"https:\/\/www.canjuliana.com\/es\/wp-json\/wp\/v2\/types\/page"}],"author":[{"embeddable":true,"href":"https:\/\/www.canjuliana.com\/es\/wp-json\/wp\/v2\/users\/4"}],"replies":[{"embeddable":true,"href":"https:\/\/www.canjuliana.com\/es\/wp-json\/wp\/v2\/comments?post=16143"}],"version-history":[{"count":4,"href":"https:\/\/www.canjuliana.com\/es\/wp-json\/wp\/v2\/pages\/16143\/revisions"}],"predecessor-version":[{"id":16177,"href":"https:\/\/www.canjuliana.com\/es\/wp-json\/wp\/v2\/pages\/16143\/revisions\/16177"}],"up":[{"embeddable":true,"href":"https:\/\/www.canjuliana.com\/es\/wp-json\/wp\/v2\/pages\/13550"}],"wp:attachment":[{"href":"https:\/\/www.canjuliana.com\/es\/wp-json\/wp\/v2\/media?parent=16143"}],"curies":[{"name":"wp","href":"https:\/\/api.w.org\/{rel}","templated":true}]}}