{"id":16142,"date":"2025-09-09T10:55:05","date_gmt":"2025-09-09T09:55:05","guid":{"rendered":"https:\/\/www.canjuliana.com\/alquiler-de-sala\/lloguer-sala-les-oliveres\/"},"modified":"2026-02-04T09:36:55","modified_gmt":"2026-02-04T08:36:55","slug":"alquiler-sala-les-oliveres","status":"publish","type":"page","link":"https:\/\/www.canjuliana.com\/es\/alquiler-de-sala\/alquiler-sala-les-oliveres\/","title":{"rendered":"Alquiler sala Les Oliveres"},"content":{"rendered":"<div class=\"content-container\">\n<div class=\"col-xl-12 col-lg-12 col-md-12 col-sm-12 col-xs-12 pl-0 pr-0\">\n<div class=\"texto-content-empresa sala-paller\">\n<h2 class=\"subtitol subtitol-border\">Alquiler de sala de Les Oliveres 350\u20ac<\/h2>\n<div class=\"bloc-sales col-xl-6 col-lg-6 col-md-12 col-sm-12 col-xs-12 pl-0 pr-0\">\n<p>Sala con capacidad para 40 personas, con calefacci\u00f3n, frigor\u00edfico, congelador, microondas, wc, mesas y sillas, calefacci\u00f3n<\/p>\n<p>El patio de 170m<sup>2<\/sup> incluye mesas de picnic y barbacoa.<\/p>\n<div class=\"detalls\" style=\"grid-template-columns: 2fr 2fr;\">\n<div class=\"detall edatMinima\"><span class=\"titolDetall\">SALA <\/span>50m<sup>2<\/sup><\/div>\n<div class=\"detall preu\"><span class=\"titolDetall\">PATIO <\/span>170m<sup>2<\/sup><\/div>\n<div class=\"detall durada\"><span class=\"titolDetall\">CAPACIDAD<\/span>40 personas<\/div>\n<div class=\"detall grup\"><span class=\"titolDetall\">HORARIO ALQUILER <\/span>de 10h a 20h<\/div>\n<\/div>\n<p><!--\n\n\n<div id=\"bar-restaurant-anchor\" class=\"botones-activitats\"><a class=\"boton-reserva\" href=\"#reserva2\">RESERVAR<\/a><\/div>\n\n\n--><\/p>\n<\/div>\n<div class=\"top-left-after img-activitat col-xl-6 col-lg-6 col-md-12 col-sm-12 col-xs-12 col-12\">\n<div id=\"carouselExampleControls2\" class=\"carousel slide\" data-ride=\"carousel\">\n<div class=\"carousel-inner\">\n<div class=\"carousel-item active\"><img decoding=\"async\" class=\"d-block w-100\" src=\"\/wp-content\/uploads\/2025\/03\/sala-oliveres-01b.jpg\" alt=\"lloguer de sala de les oliveres\" \/><\/div>\n<div class=\"carousel-item\"><img decoding=\"async\" class=\"d-block w-100\" src=\"\/wp-content\/uploads\/2025\/03\/sala-oliveres-01c.jpg\" alt=\"lloguer de sala de les oliveres\" \/><\/div>\n<div class=\"carousel-item\"><img decoding=\"async\" class=\"d-block w-100\" src=\"\/wp-content\/uploads\/2025\/02\/sala-oliveres-02.jpg\" alt=\"lloguer de sala de les oliveres\" \/><\/div>\n<div class=\"carousel-item\"><img decoding=\"async\" class=\"d-block w-100\" src=\"\/wp-content\/uploads\/2025\/02\/sala-oliveres-03.jpg\" alt=\"lloguer de sala de les oliveres\" \/><\/div>\n<div class=\"carousel-item\"><img decoding=\"async\" class=\"d-block w-100\" src=\"\/wp-content\/uploads\/2025\/02\/sala-oliveres-04.jpg\" alt=\"lloguer de sala de les oliveres\" \/><\/div>\n<div class=\"carousel-item\"><img decoding=\"async\" class=\"d-block w-100\" src=\"\/wp-content\/uploads\/2025\/02\/sala-oliveres-05.jpg\" alt=\"lloguer de sala de les oliveres\" \/><\/div>\n<\/div>\n<p><a class=\"carousel-control-prev\" role=\"button\" href=\"#carouselExampleControls2\" data-slide=\"prev\"><span class=\"sr-only\">Previous<\/span><\/a><br \/>\n<a class=\"carousel-control-next\" role=\"button\" href=\"#carouselExampleControls2\" data-slide=\"next\"><span class=\"sr-only\">Next<\/span><\/a><\/p>\n<\/div>\n<\/div>\n<\/div>\n<div class=\"texto-content-empresa serveis-empresa\">\n<h2 class=\"subtitol\">Instalaciones de la sala<\/h2>\n<div class=\"bloc-instalacions col-xl-12 col-lg-12 col-md-12 col-sm-12 col-xs-12 pl-0 pr-0\">\n<div class=\"projector col-xl-3 col-lg-3 col-md-6 col-sm-12 col-xs-12 pl-0 pr-0\">\n<div class=\"icono\"><\/div>\n<p>Proyector<\/p>\n<\/div>\n<div class=\"pantalla col-xl-3 col-lg-3 col-md-6 col-sm-12 col-xs-12 pl-0 pr-0\">\n<div class=\"icono\"><\/div>\n<p>Pantalla<\/p>\n<\/div>\n<div class=\"taules col-xl-3 col-lg-3 col-md-6 col-sm-12 col-xs-12 pl-0 pr-0\">\n<div class=\"icono\"><\/div>\n<p>Mesas<\/p>\n<\/div>\n<div class=\"cadires col-xl-3 col-lg-3 col-md-6 col-sm-12 col-xs-12 pl-0 pr-0\">\n<div class=\"icono\"><\/div>\n<p>Sillas<\/p>\n<\/div>\n<div class=\"taules-ext col-xl-3 col-lg-3 col-md-6 col-sm-12 col-xs-12 pl-0 pr-0\">\n<div class=\"icono\"><\/div>\n<p>Mesas exteriores<\/p>\n<\/div>\n<div class=\"musica col-xl-3 col-lg-3 col-md-6 col-sm-12 col-xs-12 pl-0 pr-0\">\n<div class=\"icono\"><\/div>\n<p>Equipo de m\u00fasica<\/p>\n<\/div>\n<div class=\"barbacoa col-xl-3 col-lg-3 col-md-6 col-sm-12 col-xs-12 pl-0 pr-0\">\/es<\/p>\n<div class=\"icono\"><\/div>\n<p>Barbacoa<\/p>\n<\/div>\n<\/div>\n<\/div>\n<div id=\"reserva2\">\n<booking-widget widget-id=\"ccdc7628-86e6-48fa-999f-3ac7916d1202\"><\/p>\n<style>\n.regiondo-booking-widget{background:transparent;}.regiondo-prices{flex-wrap:wrap;}\ndiv.regiondo-price.regiondo-price__original:before{\npadding-left: 50px;\ncontent: 'Total ';\nvisibility:visible;<\/p>\n<p>margin-left:-50px;\ncolor: #F1865D;\n}<\/p>\n<p>div.regiondo-price.regiondo-price__regular.regiondo-price__with_original:before{\ncontent: 'Reserva';\nvisibility:visible;\nmargin-right: 5px;\ncolor: #F1865D;\n}\n.regiondo-totals--grand-total .regiondo-totals__title{visibility:hidden;text-align:left;}\n.regiondo-totals--grand-total .regiondo-totals__title:before{\ncontent: 'Reserva ';\nvisibility: visible;\ncolor: #F1865D;\n}\n.regiondo-widget .regiondo-price__original {\ntext-decoration: none!important;\nopacity:1;\nfont-weight:bold;\n}\n<\/style>\n<p><\/booking-widget><script type=\"text\/javascript\" src=\"https:\/\/widgets.regiondo.net\/booking\/v1\/booking-widget.min.js\"><\/script>\n<\/div>\n<\/div>\n","protected":false},"excerpt":{"rendered":"<p>Alquiler de sala de Les Oliveres 350\u20ac Sala con capacidad para 40 personas, con calefacci\u00f3n, frigor\u00edfico, congelador, microondas, wc, mesas y sillas, calefacci\u00f3n El patio de 170m2 incluye mesas de picnic y barbacoa. SALA 50m2 PATIO 170m2 CAPACIDAD40 personas HORARIO ALQUILER de 10h a 20h Previous Next Instalaciones de la sala Proyector Pantalla Mesas Sillas [&hellip;]<\/p>\n","protected":false},"author":4,"featured_media":0,"parent":13550,"menu_order":0,"comment_status":"closed","ping_status":"closed","template":"","meta":{"rank_math_lock_modified_date":false,"footnotes":""},"class_list":["post-16142","page","type-page","status-publish","hentry"],"_links":{"self":[{"href":"https:\/\/www.canjuliana.com\/es\/wp-json\/wp\/v2\/pages\/16142","targetHints":{"allow":["GET"]}}],"collection":[{"href":"https:\/\/www.canjuliana.com\/es\/wp-json\/wp\/v2\/pages"}],"about":[{"href":"https:\/\/www.canjuliana.com\/es\/wp-json\/wp\/v2\/types\/page"}],"author":[{"embeddable":true,"href":"https:\/\/www.canjuliana.com\/es\/wp-json\/wp\/v2\/users\/4"}],"replies":[{"embeddable":true,"href":"https:\/\/www.canjuliana.com\/es\/wp-json\/wp\/v2\/comments?post=16142"}],"version-history":[{"count":11,"href":"https:\/\/www.canjuliana.com\/es\/wp-json\/wp\/v2\/pages\/16142\/revisions"}],"predecessor-version":[{"id":16191,"href":"https:\/\/www.canjuliana.com\/es\/wp-json\/wp\/v2\/pages\/16142\/revisions\/16191"}],"up":[{"embeddable":true,"href":"https:\/\/www.canjuliana.com\/es\/wp-json\/wp\/v2\/pages\/13550"}],"wp:attachment":[{"href":"https:\/\/www.canjuliana.com\/es\/wp-json\/wp\/v2\/media?parent=16142"}],"curies":[{"name":"wp","href":"https:\/\/api.w.org\/{rel}","templated":true}]}}