{"id":13672,"date":"2020-06-25T12:06:16","date_gmt":"2020-06-25T11:06:16","guid":{"rendered":"https:\/\/www.canjuliana.com\/politica-de-cookies\/"},"modified":"2020-09-09T09:56:07","modified_gmt":"2020-09-09T08:56:07","slug":"politica-de-cookies","status":"publish","type":"page","link":"https:\/\/www.canjuliana.com\/es\/politica-de-cookies\/","title":{"rendered":"Pol\u00edtica de cookies"},"content":{"rendered":"<h1>Pol\u00edtica de cookies<\/h1>\n<p>Las cookies son breves informaciones que se env\u00edan y almacenan en el disco duro del ordenador del usuario a trav\u00e9s de su navegador cuando \u00e9ste se conecta a una web. Las cookies se pueden utilizar para recabar y almacenar datos del usuario mientras est\u00e1 conectado para facilitarle los servicios solicitados y que no se suelen conservar (Cookies de sesi\u00f3n), o para conservar los datos del usuario para otro tipo de servicios futuros y que se pueden conservar por tiempo indefinido (Cookies persistentes). Las cookies pueden ser propias o de terceros.<br \/>\nExisten varios tipos de cookies:<\/p>\n<ul>\n<li>Cookies t\u00e9cnicas que facilitan la navegaci\u00f3n del usuario y la utilizaci\u00f3n de las diferentes opciones o servicios que ofrece la web como identificar la sesi\u00f3n, permitir el acceso a determinadas \u00e1reas, facilitar pedidos, compras, cumplimentaci\u00f3n de formularios, inscripciones, seguridad, facilitar funcionalidades (videos, redes sociales\u2026).<\/li>\n<li>Cookies de personalizaci\u00f3n que permiten al usuario acceder a los servicios seg\u00fan sus preferencias (idioma, navegador, configuraci\u00f3n\u2026).<\/li>\n<li>Cookies de an\u00e1lisis que permiten el an\u00e1lisis an\u00f3nimo del comportamiento de los usuarios de la web y que permiten medir la actividad del usuario y elaborar perfiles de navegaci\u00f3n con el fin objetivo de mejorar los sitios web.<\/li>\n<li>Cookies publicitarias que permiten la gesti\u00f3n de los espacios publicitarios de la web.<\/li>\n<li>Cookies de publicidad personalizada que permiten la gesti\u00f3n de los espacios publicitarios de la web en base al comportamiento y h\u00e1bitos de navegaci\u00f3n de usuario, de donde se obtiene su perfil y permiten personalizar la publicidad que se muestra en el navegador del usuario.<\/li>\n<\/ul>\n<p><strong>Can Juliana utiliza cookies t\u00e9cnicas, de personalizaci\u00f3n y de an\u00e1lisis, propias y de terceros, que en ning\u00fan caso tratan datos de car\u00e1cter personal, pero captan h\u00e1bitos de navegaci\u00f3n para fines estad\u00edsticos.<\/strong><\/p>\n<p>Por ello, al acceder a nuestra web, en cumplimiento del art\u00edculo 22 de la Ley de Servicios de la Sociedad de la Informaci\u00f3n le hemos solicitado su consentimiento para su uso.<br \/>\nDe todas formas, le informamos que puede activar o desactivar y estas cookies siguiendo las instrucciones de su navegador de Internet:<br \/>\nChrome: Configuraci\u00f3n &#8211; Mostrar opciones avanzadas &#8211; Privacidad &#8211; Configuraci\u00f3n de contenido.<br \/>\nFirefox: Herramientas &#8211; Opciones &#8211; Privacidad &#8211; Historial &#8211; Configuraci\u00f3n Personalizada.<br \/>\nInternet Explorer: Herramientas &#8211; Opciones de Internet &#8211; Privacidad &#8211; Configuraci\u00f3n.<br \/>\nSafari: Preferencias &#8211; Seguridad.<br \/>\nOpera: Herramientas &#8211; Preferencias &#8211; Editar preferencias  Cookies<br \/>\nEdge: Configuraci\u00f3n &#8211; Ver configuraci\u00f3n avanzada &#8211; Privacidad y servicios &#8211; Cookies<\/p>\n<p>Para m\u00e1s informaci\u00f3n, puede consultar en la Ayuda de su navegador o en las p\u00e1ginas de soporte de los mismos:<\/p>\n<p>Chrome: <a href=\"https:\/\/support.google.com\" target=\"_blank\" rel=\"noopener noreferrer\">support.google.com<\/a><br \/>\nFireFox: <a href=\"https:\/\/support.mozilla.org\" target=\"_blank\" rel=\"noopener noreferrer\">support.mozilla.org<\/a><br \/>\nInternet Explorer: <a href=\"https:\/\/windows.microsoft.com\" target=\"_blank\" rel=\"noopener noreferrer\">windows.microsoft.com<\/a><br \/>\nSafari: <a href=\"https:\/\/www.apple.com\" target=\"_blank\" rel=\"noopener noreferrer\">https:\/\/www.apple.com<\/a><br \/>\nOpera: <a href=\"https:\/\/www.opera.com\/help\/tutorials\/security\/cookies\/\" target=\"_blank\" rel=\"noopener noreferrer\">https:\/\/www.opera.com\/help\/tutorials\/security\/cookies\/<\/a><br \/>\nEdge: <a href=\"https:\/\/privacy.microsoft.com\/es-es\/windows-10-microsoft-edge-and-privacy\" target=\"_blank\" rel=\"noopener noreferrer\">https:\/\/privacy.microsoft.com\/es-es\/windows-10-microsoft-edge-and-privacy<\/a><\/p>\n","protected":false},"excerpt":{"rendered":"<p>Pol\u00edtica de cookies Las cookies son breves informaciones que se env\u00edan y almacenan en el disco duro del ordenador del usuario a trav\u00e9s de su navegador cuando \u00e9ste se conecta a una web. Las cookies se pueden utilizar para recabar y almacenar datos del usuario mientras est\u00e1 conectado para facilitarle los servicios solicitados y que [&hellip;]<\/p>\n","protected":false},"author":4,"featured_media":0,"parent":0,"menu_order":0,"comment_status":"closed","ping_status":"closed","template":"","meta":{"rank_math_lock_modified_date":false,"footnotes":""},"class_list":["post-13672","page","type-page","status-publish","hentry"],"_links":{"self":[{"href":"https:\/\/www.canjuliana.com\/es\/wp-json\/wp\/v2\/pages\/13672","targetHints":{"allow":["GET"]}}],"collection":[{"href":"https:\/\/www.canjuliana.com\/es\/wp-json\/wp\/v2\/pages"}],"about":[{"href":"https:\/\/www.canjuliana.com\/es\/wp-json\/wp\/v2\/types\/page"}],"author":[{"embeddable":true,"href":"https:\/\/www.canjuliana.com\/es\/wp-json\/wp\/v2\/users\/4"}],"replies":[{"embeddable":true,"href":"https:\/\/www.canjuliana.com\/es\/wp-json\/wp\/v2\/comments?post=13672"}],"version-history":[{"count":3,"href":"https:\/\/www.canjuliana.com\/es\/wp-json\/wp\/v2\/pages\/13672\/revisions"}],"predecessor-version":[{"id":13811,"href":"https:\/\/www.canjuliana.com\/es\/wp-json\/wp\/v2\/pages\/13672\/revisions\/13811"}],"wp:attachment":[{"href":"https:\/\/www.canjuliana.com\/es\/wp-json\/wp\/v2\/media?parent=13672"}],"curies":[{"name":"wp","href":"https:\/\/api.w.org\/{rel}","templated":true}]}}