{"id":13670,"date":"2020-06-25T12:05:59","date_gmt":"2020-06-25T11:05:59","guid":{"rendered":"https:\/\/www.canjuliana.com\/politica-de-privacitat\/"},"modified":"2020-09-09T09:56:54","modified_gmt":"2020-09-09T08:56:54","slug":"politica-de-privacidad","status":"publish","type":"page","link":"https:\/\/www.canjuliana.com\/es\/politica-de-privacidad\/","title":{"rendered":"Pol\u00edtica de privacidad"},"content":{"rendered":"<p><strong><\/strong><\/p>\n<p>La confidencialidad y la seguridad son valores primordiales de Can Juliana y, en consecuencia, asumimos el compromiso de garantizar la privacidad del Usuario en todo momento y de no recabar informaci\u00f3n innecesaria. A continuaci\u00f3n, le proporcionamos toda la informaci\u00f3n necesaria sobre nuestra Pol\u00edtica de Privacidad en relaci\u00f3n con los datos personales que recabamos, explic\u00e1ndole:<\/p>\n<ul>\n<li>Qui\u00e9n es el responsable del tratamiento de sus datos.<\/li>\n<li>Para qu\u00e9 finalidades recabamos los datos que le solicitamos.<\/li>\n<li>Cu\u00e1l es la legitimaci\u00f3n para su tratamiento.<\/li>\n<li>Durante cu\u00e1nto tiempo los conservamos.<\/li>\n<li>A qu\u00e9 destinatarios se comunican sus datos.<\/li>\n<li>Cu\u00e1les son sus derechos.<\/li>\n<\/ul>\n<h2>A. RESPONSABLE<\/h2>\n<p>Can Juliana (Can Juliana Centre d&#8217;Esplai S.L. &#8211; B64197429) a<br \/>\nCarretera de St. Feliu s\/n &#8211; 08211 Castellar del Vall\u00e8s<br \/>\ninfo@canjuliana.com<\/p>\n<h2>B. FINALIDADES, LEGITIMACI\u00d3N Y CONSERVACI\u00d3N DE LOS TRATAMIENTOS DE LOS DATOS ENVIADOS A TRAV\u00c9S DE:<\/h2>\n<h3>1. Formularios de Contacto<\/h3>\n<p>Finalidad: Contestar a sus solicitudes de informaci\u00f3n o sugerencias y resolver sus dudas, consultas o peticiones, as\u00ed como enviarle comunicaciones de nuestros productos, servicios y actividades, inclusive por medios electr\u00f3nicos (Correo electr\u00f3nico, SMS, etc.), si marca la casilla de aceptaci\u00f3n.<br \/>\nLegitimaci\u00f3n: El consentimiento del usuario al solicitarnos informaci\u00f3n a trav\u00e9s de nuestro formulario de contactos y al marcar la casilla de aceptaci\u00f3n de env\u00edo de comunicaciones comerciales.<br \/>\nConservaci\u00f3n: Hasta que sea resuelta su solicitud o consulta por correo electr\u00f3nico, si no ha generado un nuevo tratamiento y, en su caso, hasta que solicite la baja del env\u00edo de informaciones comerciales.<\/p>\n<h3>2. Env\u00edo de correos electr\u00f3nicos<\/h3>\n<p>Finalidad: Contestar a sus solicitudes de informaci\u00f3n o sugerencias y atender sus dudas o consultas sobre nuestros servicios o productos.<br \/>\nLegitimaci\u00f3n: El consentimiento del usuario al solicitarnos informaci\u00f3n a trav\u00e9s de la direcci\u00f3n de correo electr\u00f3nico.<br \/>\nConservaci\u00f3n: Una vez resulta contestada su petici\u00f3n por correo electr\u00f3nico, si no ha generado un nuevo tratamiento.<\/p>\n<h3>3. Env\u00edo del Curr\u00edculum Vitae por correo electr\u00f3nico o mediante el formulario de contacto.<\/h3>\n<p>Finalidad: Disponer de su curr\u00edculum para participar en nuestros procesos de selecci\u00f3n de personal.<br \/>\nLegitimaci\u00f3n: El consentimiento del usuario al remitirnos su informaci\u00f3n personal y curr\u00edculum para nuestros procesos de selecci\u00f3n de personal.<br \/>\nConservaci\u00f3n: Durante el desarrollo de los procesos de selecci\u00f3n de personal abiertos y durante 1 a\u00f1o para futuros procesos.<\/p>\n<h3>4. Suscripci\u00f3n a nuestra Newsletter<\/h3>\n<p>Finalidad: Env\u00edo de nuestro bolet\u00edn comercial y de comunicaciones informativas y publicitarias sobre nuestros productos, descuentos o eventos de la marca, inclusive por medios electr\u00f3nicos (Correo electr\u00f3nico, SMS, etc.).<br \/>\nLegitimaci\u00f3n: El consentimiento del usuario al suscribirse a nuestra newsletter.<br \/>\nConservaci\u00f3n: Hasta que el interesado revoque el consentimiento y solicite la baja del servicio.<\/p>\n<h3>5. Registro del Usuario<\/h3>\n<p>Finalidades: a. Tramitar y gestionar su alta como usuario registrado. La finalidad del registro es la de facilitarle sus pr\u00f3ximas compras, al guardar sus datos, y mantenerle informado de nuestros productos, ofertas, descuentos y eventos exclusivos, inclusive por medios electr\u00f3nicos (Correo electr\u00f3nico, SMS, etc.).<br \/>\nLegitimaci\u00f3n: a. Consentimiento del usuario al inscribirse como usuario de Can Juliana.<br \/>\nConservaci\u00f3n: a. Mientras no se d\u00e9 de baja como usuario en Can Juliana y siempre que no haya otro tratamiento en proceso, por ejemplo, una compra y, una vez se haya dado de baja, durante los plazos de conservaci\u00f3n obligatorios legalmente para atender a eventuales responsabilidades, en su caso. Una vez el usuario se d\u00e9 de baja como usuario de Can Juliana, no le enviaremos informaci\u00f3n comercial.<\/p>\n<h3>6. Proceso de Compra<\/h3>\n<p>Finalidades: a. Tramitar y gestionar la entrega de su pedido, el pago y las tareas administrativas derivadas. b. Enviarle informaci\u00f3n y comunicaciones de nuestros productos, ofertas, descuentos y eventos, inclusive por medios electr\u00f3nicos (Correo electr\u00f3nico, SMS, etc.).<br \/>\nLegitimaci\u00f3n: a. Ejecuci\u00f3n de contrato de compraventa de productos. B. Inter\u00e9s leg\u00edtimo de la empresa, en su caso, a enviarle la informaci\u00f3n comercial.<br \/>\nConservaci\u00f3n: a. Mientras dure la relaci\u00f3n contractual y, finalizada esta, durante los plazos obligatorios legalmente de conservaci\u00f3n para atender eventuales responsabilidades. b. Mientras no ejercite su derecho de oposici\u00f3n a los env\u00edos comerciales o se d\u00e9 de baja como usuario en Can Juliana.<\/p>\n<p><strong>Obligaci\u00f3n de facilitarnos sus datos personales y consecuencias de no hacerlo.<\/strong><\/p>\n<p>El suministro de datos personales requiere una edad m\u00ednima de 16 a\u00f1os, o en su caso, la edad m\u00ednima que marque la normativa de protecci\u00f3n de datos aplicable y, para realizar la compra, disponer de capacidad jur\u00eddica suficiente para contratar.<br \/>\nLos datos personales solicitados son necesarios para gestionar sus solicitudes por lo que, si no nos los facilita, no podremos atenderle correctamente ni cumplir las finalidades indicadas anteriormente.<\/p>\n<h2>C. DESTINATARIOS DE SUS DATOS<\/h2>\n<p>Sus datos son confidenciales y no se ceder\u00e1n a terceros, salvo aquellas cesiones necesarias para la ejecuci\u00f3n del contrato y otras cesiones que est\u00e9n establecidas por obligaci\u00f3n legal.<\/p>\n<h2>D. DERECHOS EN RELACI\u00d3N CON SUS DATOS<\/h2>\n<p>Cuando el consentimiento sea la base para el tratamiento de datos, este ser\u00e1 siempre revocable en cualquier momento, sin que en ning\u00fan caso la retirada del este consentimiento condicione la ejecuci\u00f3n de los contratos o las relaciones generadas con anterioridad.<\/p>\n<p>Adem\u00e1s, puede ejercer los siguientes derechos:<\/p>\n<ul>\n<li>Solicitar el acceso a sus datos personales o su rectificaci\u00f3n cuando sean inexactos.<\/li>\n<li>Solicitar su supresi\u00f3n cuando, entre otros motivos, los datos ya no sean necesarios para los fines para los que fueron recogidos.<\/li>\n<li>Solicitar la limitaci\u00f3n de su tratamiento en determinadas circunstancias.<\/li>\n<li>Solicitar la oposici\u00f3n al tratamiento de sus datos por motivos relacionados con su situaci\u00f3n particular.<\/li>\n<li>Solicitar la portabilidad de los datos en los casos previstos en la normativa.<\/li>\n<li>Otros derechos reconocidos en las normativas aplicables.<\/li>\n<\/ul>\n<p>D\u00f3nde y c\u00f3mo solicitar sus Derechos: Mediante un escrito dirigido al Responsable (indicado al inicio de la pol\u00edtica de privacidad) con la referencia \u201cDatos Personales\u201d o similar e indicando el derecho que quiere ejercer y sobre qu\u00e9 tratamiento a la direcci\u00f3n postal o electr\u00f3nica indicada en el apartado 1:<\/p>\n<p>Can Juliana (Can Juliana Centre d&#8217;Esplai S.L. &#8211; B64197429) a<br \/>\nCarretera de St. Feliu s\/n &#8211; 08211 Castellar del Vall\u00e8s<br \/>\ninfo@canjuliana.com<\/p>\n<p>En caso de divergencias con la empresa en relaci\u00f3n con el tratamiento de sus datos, puede presentar una reclamaci\u00f3n ante la Autoridad de Protecci\u00f3n de Datos (www.agpd.es).<\/p>\n<h2>E. COOKIES<\/h2>\n<p>Las cookies son breves informaciones que se env\u00edan y almacenan en el disco duro del ordenador del usuario a trav\u00e9s de su navegador cuando \u00e9ste se conecta a una web. Las cookies se pueden utilizar para recabar y almacenar datos del usuario mientras est\u00e1 conectado para facilitarle los servicios solicitados y que no se suelen conservar (Cookies de sesi\u00f3n), o para conservar los datos del usuario para otro tipo de servicios futuros y que se pueden conservar por tiempo indefinido (Cookies persistentes). Las cookies pueden ser propias o de terceros.<br \/>\nExisten varios tipos de cookies:<\/p>\n<ul>\n<li>Cookies t\u00e9cnicas que facilitan la navegaci\u00f3n del usuario y la utilizaci\u00f3n de las diferentes opciones o servicios que ofrece la web como identificar la sesi\u00f3n, permitir el acceso a determinadas \u00e1reas, facilitar pedidos, compras, cumplimentaci\u00f3n de formularios, inscripciones, seguridad, facilitar funcionalidades (videos, redes sociales\u2026).<\/li>\n<li>Cookies de personalizaci\u00f3n que permiten al usuario acceder a los servicios seg\u00fan sus preferencias (idioma, navegador, configuraci\u00f3n\u2026).<\/li>\n<li>Cookies de an\u00e1lisis que permiten el an\u00e1lisis an\u00f3nimo del comportamiento de los usuarios de la web y que permiten medir la actividad del usuario y elaborar perfiles de navegaci\u00f3n con el fin objetivo mejorar los sitios web.<\/li>\n<li>Cookies publicitarias que permiten la gesti\u00f3n de los espacios publicitarios de la web.<\/li>\n<li>Cookies de publicidad personalizada que permiten la gesti\u00f3n de los espacios publicitarios de la web en base al comportamiento y h\u00e1bitos de navegaci\u00f3n de usuario, de donde se obtiene su perfil y permite personalizar la publicidad que se muestra en el navegador del usuario.<\/li>\n<\/ul>\n<p>Can Juliana utiliza cookies de an\u00e1lisis propias y de terceros que, en ning\u00fan caso, tratan datos de car\u00e1cter personal, pero captan h\u00e1bitos de navegaci\u00f3n para fines estad\u00edsticos.<\/p>\n<p>Por ello, al acceder a nuestra web, en cumplimiento del art\u00edculo 22 de la Ley de Servicios de la Sociedad de la Informaci\u00f3n le hemos solicitado su consentimiento para su uso.<\/p>\n<p>De todas formas, le informamos que puede activar o desactivar y estas cookies siguiendo las instrucciones de su navegador de Internet:<\/p>\n<ul>\n<li>Chrome: Configuraci\u00f3n &#8211; Mostrar opciones avanzadas &#8211; Privacidad &#8211; Configuraci\u00f3n de contenido.<\/li>\n<li>Firefox: Herramientas &#8211; Opciones &#8211; Privacidad &#8211; Historial &#8211; Configuraci\u00f3n Personalizada.<\/li>\n<li>Internet Explorer: Herramientas &#8211; Opciones de Internet &#8211; Privacidad &#8211; Configuraci\u00f3n.<\/li>\n<li>Safari: Preferencias &#8211; Seguridad.<\/li>\n<li>Opera: Herramientas &#8211; Preferencias &#8211; Editar preferencias &#8211; Cookies<\/li>\n<\/ul>\n<p>Para m\u00e1s informaci\u00f3n, puede consultar en la Ayuda de su navegador o en las p\u00e1ginas de soporte de los mismos:<\/p>\n<ul>\n<li>Chrome: support.google.com<\/li>\n<li>FireFox: support.mozilla.org<\/li>\n<li>Internet Explorer: windows.microsoft.com<\/li>\n<li>Safari: http:\/\/www.apple.com<\/li>\n<li>Opera: http:\/\/www.opera.com\/help\/tutorials\/security\/cookies\/<\/li>\n<\/ul>\n<h2>F. SEGURIDAD DE SUS DATOS PERSONALES<\/h2>\n<p>Con el objetivo de salvaguardar la seguridad de sus datos personales, le informamos que hemos adoptado todas las medidas de \u00edndole t\u00e9cnica y organizativa necesarias para garantizar la seguridad de los datos personales suministrados de su alteraci\u00f3n, p\u00e9rdida, y tratamientos o accesos no autorizados.<\/p>\n<h2>G. ACTUALIZACI\u00d3N DE SUS DATOS<\/h2>\n<p>Es importante que para que podamos mantener sus datos personales actualizados, nos informe siempre que haya habido alguna modificaci\u00f3n en ellos, en caso contrario, no respondemos de la veracidad de los mismos.<\/p>\n<p>No nos hacemos responsables de la pol\u00edtica de privacidad respecto a los datos personales que pueda facilitar a terceros por medio de los enlaces disponibles en nuestra p\u00e1gina web.<br \/>\nLa presente Pol\u00edtica de Privacidad ha sido modificada con fecha 28\/06\/2018. Podemos modificar las presentes condiciones de privacidad para adaptarlas a las modificaciones que se produzca en nuestra web, as\u00ed como modificaciones legislativas o jurisprudenciales sobre datos personales que vayan apareciendo, por lo que se exige su lectura cada vez que nos facilite sus datos a trav\u00e9s de esta Web.<\/p>\n","protected":false},"excerpt":{"rendered":"<p>La confidencialidad y la seguridad son valores primordiales de Can Juliana y, en consecuencia, asumimos el compromiso de garantizar la privacidad del Usuario en todo momento y de no recabar informaci\u00f3n innecesaria. A continuaci\u00f3n, le proporcionamos toda la informaci\u00f3n necesaria sobre nuestra Pol\u00edtica de Privacidad en relaci\u00f3n con los datos personales que recabamos, explic\u00e1ndole: Qui\u00e9n [&hellip;]<\/p>\n","protected":false},"author":4,"featured_media":0,"parent":0,"menu_order":0,"comment_status":"closed","ping_status":"closed","template":"","meta":{"rank_math_lock_modified_date":false,"footnotes":""},"class_list":["post-13670","page","type-page","status-publish","hentry"],"_links":{"self":[{"href":"https:\/\/www.canjuliana.com\/es\/wp-json\/wp\/v2\/pages\/13670","targetHints":{"allow":["GET"]}}],"collection":[{"href":"https:\/\/www.canjuliana.com\/es\/wp-json\/wp\/v2\/pages"}],"about":[{"href":"https:\/\/www.canjuliana.com\/es\/wp-json\/wp\/v2\/types\/page"}],"author":[{"embeddable":true,"href":"https:\/\/www.canjuliana.com\/es\/wp-json\/wp\/v2\/users\/4"}],"replies":[{"embeddable":true,"href":"https:\/\/www.canjuliana.com\/es\/wp-json\/wp\/v2\/comments?post=13670"}],"version-history":[{"count":2,"href":"https:\/\/www.canjuliana.com\/es\/wp-json\/wp\/v2\/pages\/13670\/revisions"}],"predecessor-version":[{"id":13675,"href":"https:\/\/www.canjuliana.com\/es\/wp-json\/wp\/v2\/pages\/13670\/revisions\/13675"}],"wp:attachment":[{"href":"https:\/\/www.canjuliana.com\/es\/wp-json\/wp\/v2\/media?parent=13670"}],"curies":[{"name":"wp","href":"https:\/\/api.w.org\/{rel}","templated":true}]}}