{"id":13668,"date":"2020-06-25T12:05:16","date_gmt":"2020-06-25T11:05:16","guid":{"rendered":"https:\/\/www.canjuliana.com\/avis-legal\/"},"modified":"2020-09-26T15:23:13","modified_gmt":"2020-09-26T14:23:13","slug":"aviso-legal","status":"publish","type":"page","link":"https:\/\/www.canjuliana.com\/es\/aviso-legal\/","title":{"rendered":"Aviso legal"},"content":{"rendered":"<p>El acceso, utilizaci\u00f3n o navegaci\u00f3n por cualquiera p\u00e1gina web propiedad de Can Juliana ya sea a trav\u00e9s del sitio <a href=\"https:\/\/www.canjuliana.com\"><strong>www.canjuliana.com<\/strong><\/a> o bien desde cualquier otra p\u00e1gina web, implica que el usuario ha le\u00eddo los siguientes t\u00e9rminos y condiciones de uso, acept\u00e1ndolos sin reservas por lo que se compromete a hacer uso del presente sitio de conformidad con los siguientes t\u00e9rminos y condiciones de uso.<\/p>\n<h2>L\u00edmites de la licencia<\/h2>\n<p>El usuario deber\u00e1 respetar en todo momento los t\u00e9rminos y condiciones de uso establecidos, as\u00ed como lo dispuesto por la legislaci\u00f3n vigente, siendo conocedor de el acceso a la p\u00e1gina <a href=\"https:\/\/www.canjuliana.com\"><strong>www.canjuliana.com<\/strong><\/a> es personal y limitado, refiri\u00e9ndose \u00fanicamente al uso y visualizaci\u00f3n de los contenidos e informaci\u00f3n publicados en la p\u00e1gina <a href=\"https:\/\/www.canjuliana.com\"><strong>www.canjuliana.com<\/strong><\/a>.<\/p>\n<p>El usuario es conocedor de que la presente autorizaci\u00f3n es \u00fanicamente para el uso, visualizaci\u00f3n y consulta de los contenidos e informaci\u00f3n publicados en la p\u00e1gina <a href=\"https:\/\/www.canjuliana.com\"><strong>www.canjuliana.com<\/strong><\/a>, por lo que en ning\u00fan caso la presente autorizaci\u00f3n no constituye transferencia alguna sobre la p\u00e1gina <a href=\"https:\/\/www.canjuliana.com\"><strong>www.canjuliana.com<\/strong><\/a> o sobre los contenidos e informaci\u00f3n publicada en la misma, los cuales en cualquier caso son propiedad exclusiva de Can Juliana, no siendo posible su utilizaci\u00f3n sin contar previamente con la autorizaci\u00f3n escrita por parte de Can Juliana.<\/p>\n<p>As\u00ed mismo, el usuario se compromete a respetar los avisos de Copyright, en cualquier copia que pudiera hacer tanto de la p\u00e1gina <a href=\"https:\/\/www.canjuliana.com\"><strong>www.canjuliana.com<\/strong><\/a> como de los contenidos e informaci\u00f3n publicada en la misma, as\u00ed como a no realizar ning\u00fan tipo de reproducci\u00f3n, distribuci\u00f3n, transferencia, memorizaci\u00f3n o modificaci\u00f3n de la p\u00e1gina <a href=\"https:\/\/www.canjuliana.com\"><strong>www.canjuliana.com<\/strong><\/a>, de sus contenidos e informaci\u00f3n publicada sin contar previamente con la autorizaci\u00f3n escrita por parte de Can Juliana.<\/p>\n<p>Igualmente queda prohibida la utilizaci\u00f3n de la p\u00e1gina <a href=\"https:\/\/www.canjuliana.com\"><strong>www.canjuliana.com<\/strong><\/a>, as\u00ed como de los contenidos e informaci\u00f3n publicada en la misma, para fines comerciales o publicitarios, salvo que para ello se cuente con la autorizaci\u00f3n previa y por escrito por parte de Can Juliana.<\/p>\n<h2>Copyright<\/h2>\n<p>La p\u00e1gina <a href=\"https:\/\/www.canjuliana.com\"><strong>www.canjuliana.com<\/strong><\/a> as\u00ed como los contenidos e informaci\u00f3n publicada en la misma, est\u00e1n amparados bajo el derecho de copyright \u00a9, siendo propiedad de Can Juliana \u2013 Todos los derechos reservados, no siendo posible su utilizaci\u00f3n sin autorizaci\u00f3n previa y por escrito.<\/p>\n<h2>Modificaci\u00f3n del sitio<\/h2>\n<p>Can Juliana se reserva el derecho a modificar o actualizar en cualquier momento la p\u00e1gina <a href=\"https:\/\/www.canjuliana.com\"><strong>www.canjuliana.com<\/strong><\/a>, as\u00ed como a variar tanto su configuraci\u00f3n y presentaci\u00f3n, como las condiciones de acceso a la misma, pudiendo incluso variar o modificar los contenidos e informaci\u00f3n publicada en la misma sin necesidad de previo aviso al usuario.<\/p>\n<h2>Exclusi\u00f3n de garant\u00edas y responsabilidad<\/h2>\n<p>El uso de la p\u00e1gina <a href=\"https:\/\/www.canjuliana.com\"><strong>www.canjuliana.com<\/strong><\/a>, as\u00ed como de los contenidos e informaci\u00f3n publicada en la misma, se realiza bajo la exclusiva responsabilidad del usuario.<\/p>\n<p>Can Juliana en ning\u00fan caso asume responsabilidad alguna ni siquiera indirecta o subsidiaria por aquellos da\u00f1os y perjuicios que pudieran derivarse para el usuario o para un tercero como consecuencia de la falta de disponibilidad, mantenimiento, incorrecci\u00f3n, inexactitud o funcionamiento, utilidad, adecuaci\u00f3n o validez de la p\u00e1gina <a href=\"https:\/\/www.canjuliana.com\"><strong>www.canjuliana.com<\/strong><\/a>, as\u00ed como de los contenidos e informaci\u00f3n publicada en la misma Can Juliana no asume ning\u00fan tipo de responsabilidad ni garantiza el aprovechamiento de los contenidos e informaci\u00f3n publicada en la p\u00e1gina <a href=\"https:\/\/www.canjuliana.com\"><strong>www.canjuliana.com<\/strong><\/a>, no siendo responsable por las p\u00e9rdidas o da\u00f1os que pudieran ocasionarse al usuario o a un tercero como consecuencia del acceso y uso de la p\u00e1gina <a href=\"https:\/\/www.canjuliana.com\"><strong>www.canjuliana.com<\/strong><\/a>, as\u00ed como tampoco se responsabiliza en caso de manipulaci\u00f3n del contenido e informaci\u00f3n publicada en la misma en el supuesto de que sea manipulado por un tercero.<\/p>\n<h2>Enlaces<\/h2>\n<p>Can Juliana no asume ning\u00fan tipo de responsabilidad que puede derivarse de la concesi\u00f3n, contenidos e informaci\u00f3n existente en p\u00e1ginas propiedad de terceros a las que se pueda hacer referencia en la p\u00e1gina <a href=\"https:\/\/www.canjuliana.com\"><strong>www.canjuliana.com<\/strong><\/a>, as\u00ed como tampoco puede garantizar la existencia de virus o cualquier otro elementos en las p\u00e1ginas propiedad de terceros que pudieran producir alteraciones en el sistema inform\u00e1tico (hardware y software), documentos o ficheros propiedad del usuario.<\/p>\n<h2>Informaci\u00f3n confidencial<\/h2>\n<p>Can Juliana garantiza la seguridad de los datos de car\u00e1cter personal obtenidos a trav\u00e9s de la p\u00e1gina <a href=\"https:\/\/www.canjuliana.com\"><strong>www.canjuliana.com<\/strong><\/a>, todo ello, de conformidad con lo establecido por la Ley Org\u00e1nica 15\/1999, de 13 de diciembre de Protecci\u00f3n de Datos de car\u00e1cter personal, as\u00ed como por cualquier otra normativa que le sea de aplicaci\u00f3n.<\/p>\n<p>M\u00e1s informaci\u00f3n en relaci\u00f3n con este punto \u2013 ver Pol\u00edtica de Privacidad.<\/p>\n<p>Cualquier otra informaci\u00f3n (retroalimentaci\u00f3n, datos, respuestas, preguntas, comentarios, sugerencias, ideas, proyectos, pedidos, reclamaciones o cualquier otra informaci\u00f3n) facilitada por el usuario a Can Juliana bien como consecuencia del uso de la p\u00e1gina <a href=\"https:\/\/www.canjuliana.com\"><strong>www.canjuliana.com<\/strong><\/a>, o bien de cualquier otra forma, deber\u00e1 realizarse teniendo en cuenta los siguientes aspectos:<\/p>\n<p>1. la informaci\u00f3n no contendr\u00e1 elemento ileg\u00edtimo, calumnioso, difamatorio, obsceno, pornogr\u00e1fico, abusivo, o cualquier elemento que pueda suponer una molestia o amenaza o idoneidad para su publicaci\u00f3n.<\/p>\n<p>2. la informaci\u00f3n no deber\u00e1 contener virus o elementos contaminantes o destructivos, por lo que el usuario deber\u00e1 asegurarse de su inexistencia antes de remitir la informaci\u00f3n.<\/p>\n<p>3. la informaci\u00f3n facilitada debe ser de su propiedad y por tanto debe estar en posesi\u00f3n del derecho de cesi\u00f3n, siendo consciente de que el env\u00edo de la informaci\u00f3n implica la cesi\u00f3n de forma gratuita a Can Juliana del derecho de publicaci\u00f3n de la informaci\u00f3n, o incluso del derecho integrar la misma dentro de los contenidos de la p\u00e1gina <a href=\"https:\/\/www.canjuliana.com\"><strong>www.canjuliana.com<\/strong><\/a> si as\u00ed lo considera oportuno sin que exista limite en su utilizaci\u00f3n, reconocimiento de la fuente, disponibilidad o responsabilidad.<\/p>\n<p>No emprender acciones legales de ning\u00fan tipo contra Can Juliana en relaci\u00f3n con la informaci\u00f3n facilitada, debiendo asumir la total responsabilidad de la misma frente a terceros que pudieran interponer alg\u00fan tipo de acci\u00f3n judicial contra Can Juliana como consecuencia de la informaci\u00f3n facilitada por el usuario.<\/p>\n","protected":false},"excerpt":{"rendered":"<p>El acceso, utilizaci\u00f3n o navegaci\u00f3n por cualquiera p\u00e1gina web propiedad de Can Juliana ya sea a trav\u00e9s del sitio www.canjuliana.com o bien desde cualquier otra p\u00e1gina web, implica que el usuario ha le\u00eddo los siguientes t\u00e9rminos y condiciones de uso, acept\u00e1ndolos sin reservas por lo que se compromete a hacer uso del presente sitio de [&hellip;]<\/p>\n","protected":false},"author":4,"featured_media":0,"parent":0,"menu_order":0,"comment_status":"closed","ping_status":"closed","template":"","meta":{"rank_math_lock_modified_date":false,"footnotes":""},"class_list":["post-13668","page","type-page","status-publish","hentry"],"_links":{"self":[{"href":"https:\/\/www.canjuliana.com\/es\/wp-json\/wp\/v2\/pages\/13668","targetHints":{"allow":["GET"]}}],"collection":[{"href":"https:\/\/www.canjuliana.com\/es\/wp-json\/wp\/v2\/pages"}],"about":[{"href":"https:\/\/www.canjuliana.com\/es\/wp-json\/wp\/v2\/types\/page"}],"author":[{"embeddable":true,"href":"https:\/\/www.canjuliana.com\/es\/wp-json\/wp\/v2\/users\/4"}],"replies":[{"embeddable":true,"href":"https:\/\/www.canjuliana.com\/es\/wp-json\/wp\/v2\/comments?post=13668"}],"version-history":[{"count":2,"href":"https:\/\/www.canjuliana.com\/es\/wp-json\/wp\/v2\/pages\/13668\/revisions"}],"predecessor-version":[{"id":13677,"href":"https:\/\/www.canjuliana.com\/es\/wp-json\/wp\/v2\/pages\/13668\/revisions\/13677"}],"wp:attachment":[{"href":"https:\/\/www.canjuliana.com\/es\/wp-json\/wp\/v2\/media?parent=13668"}],"curies":[{"name":"wp","href":"https:\/\/api.w.org\/{rel}","templated":true}]}}