{"id":13565,"date":"2020-05-06T16:33:34","date_gmt":"2020-05-06T15:33:34","guid":{"rendered":"https:\/\/www.canjuliana.com\/parc-xarxes\/"},"modified":"2021-04-28T12:54:34","modified_gmt":"2021-04-28T11:54:34","slug":"parque-redes","status":"publish","type":"page","link":"https:\/\/www.canjuliana.com\/es\/parque-redes\/","title":{"rendered":"Parque de redes"},"content":{"rendered":"<div class=\"full-width col-xl-12 col-lg-12 col-md-12 col-sm-12 col-xs-12 pl-0 pr-0\">\n<div id=\"fixed-restaurant\"><a href=\"#bar-restaurant-anchor\"><i class=\"fas fa-utensils\"><\/i><span>\u00a1Qu\u00e9date a comer!<\/span><\/a><\/div>\n<div class=\"content-container\">\n<div class=\"slider\">\n\t\t\t<!-- START Parc Xarxes ES REVOLUTION SLIDER 6.5.20 --><p class=\"rs-p-wp-fix\"><\/p>\n\t\t\t<rs-module-wrap id=\"rev_slider_104_1_wrapper\" data-source=\"gallery\" style=\"visibility:hidden;background:transparent;padding:0;margin:0px auto;margin-top:0;margin-bottom:0;\">\n\t\t\t\t<rs-module id=\"rev_slider_104_1\" style=\"\" data-version=\"6.5.20\">\n\t\t\t\t\t<rs-slides>\n\t\t\t\t\t\t<rs-slide style=\"position: absolute;\" data-key=\"rs-249\" data-title=\"Intro\" data-duration=\"5010\" data-anim=\"r:0;\" data-in=\"x:-100%;\">\n\t\t\t\t\t\t\t<img loading=\"lazy\" decoding=\"async\" src=\"\/\/www.canjuliana.com\/wp-content\/plugins\/revslider\/public\/assets\/assets\/dummy.png\" alt=\"parc xarxes\" title=\"slide-parc-xarxes\" width=\"1300\" height=\"520\" class=\"rev-slidebg tp-rs-img rs-lazyload\" data-lazyload=\"\/\/www.canjuliana.com\/wp-content\/uploads\/2020\/05\/slide-parc-xarxes.jpg\" data-parallax=\"10\" data-no-retina>\n<!--\n\t\t\t\t\t\t\t--><rs-layer\n\t\t\t\t\t\t\t\tid=\"slider-104-slide-249-layer-1\" \n\t\t\t\t\t\t\t\tdata-type=\"text\"\n\t\t\t\t\t\t\t\tdata-rsp_ch=\"on\"\n\t\t\t\t\t\t\t\tdata-xy=\"x:c;xo:11px;y:m;\"\n\t\t\t\t\t\t\t\tdata-text=\"s:60;l:70;fw:700;a:center;\"\n\t\t\t\t\t\t\t\tdata-frame_0=\"tp:600;\"\n\t\t\t\t\t\t\t\tdata-frame_1=\"tp:600;\"\n\t\t\t\t\t\t\t\tdata-frame_999=\"o:0;tp:600;st:w;sR:4710;\"\n\t\t\t\t\t\t\t\tstyle=\"z-index:5;font-family:'Open Sans';\"\n\t\t\t\t\t\t\t><h1>PARQUE DE REDES<\/h1> \n\t\t\t\t\t\t\t<\/rs-layer><!--\n-->\t\t\t\t\t\t<\/rs-slide>\n\t\t\t\t\t<\/rs-slides>\n\t\t\t\t<\/rs-module>\n\t\t\t\t<script>\n\t\t\t\t\tsetREVStartSize({c: 'rev_slider_104_1',rl:[1240,1024,778,480],el:[352,768,960,720],gw:[1240,1024,778,480],gh:[352,768,960,720],type:'standard',justify:'',layout:'fullwidth',mh:\"0\"});if (window.RS_MODULES!==undefined && window.RS_MODULES.modules!==undefined && window.RS_MODULES.modules[\"revslider1041\"]!==undefined) {window.RS_MODULES.modules[\"revslider1041\"].once = false;window.revapi104 = undefined;if (window.RS_MODULES.checkMinimal!==undefined) window.RS_MODULES.checkMinimal()}\n\t\t\t\t<\/script>\n\t\t\t<\/rs-module-wrap>\n\t\t\t<!-- END REVOLUTION SLIDER -->\n<\/div>\n<div class=\"col-xl-12 col-lg-12 col-md-12 col-sm-12 col-xs-12 pl-0 pr-0\">\n<div class=\"texto-intro-pa\">\n<p>Una aventura entre \u00e1rboles!<br \/>\nSi es unos aventureros con ganas de enfilar por todas partes pero aun no tiene la edad para subir a nuestro circuito de puentes y tirolinas, no te puedes perder el circuito de redes! Montados en los \u00e1rboles podr\u00e1 sentir la emoci\u00f3n de las alturas y perder el miedo de ver el suelo a unos cuantos metros de sus pies!<\/p>\n<p>Con total seguridad disfrutar\u00e1 de una actividad para quemar adrenalina!<\/p>\n<div class=\"detalls\">\n<div class=\"detall edatMinima\"><span class=\"titolDetall\">EDAD M\u00cdNIMA<\/span> +6<span class=\"subt\"> a\u00f1os<\/span><\/div>\n<div class=\"detall durada\"><span class=\"titolDetall\">DURACI\u00d3N<\/span> 30<span class=\"subt\"> minutos<\/span><\/div>\n<div class=\"detall preu\"><span class=\"titolDetall\">PRECIO<\/span> 8\u20ac<\/div>\n<\/div>\n<div id=\"bar-restaurant-anchor\" class=\"botones-activitats\"><a class=\"boton-reserva\" href=\"#reserva\">RESERVAR<\/a><\/div>\n<\/div>\n<\/div>\n<\/div>\n<\/div>\n","protected":false},"excerpt":{"rendered":"<p>\u00a1Qu\u00e9date a comer! Una aventura entre \u00e1rboles! Si es unos aventureros con ganas de enfilar por todas partes pero aun no tiene la edad para subir a nuestro circuito de puentes y tirolinas, no te puedes perder el circuito de redes! Montados en los \u00e1rboles podr\u00e1 sentir la emoci\u00f3n de las alturas y perder el [&hellip;]<\/p>\n","protected":false},"author":4,"featured_media":0,"parent":0,"menu_order":0,"comment_status":"closed","ping_status":"closed","template":"template-servei.php","meta":{"rank_math_lock_modified_date":false,"footnotes":""},"class_list":["post-13565","page","type-page","status-publish","hentry"],"_links":{"self":[{"href":"https:\/\/www.canjuliana.com\/es\/wp-json\/wp\/v2\/pages\/13565","targetHints":{"allow":["GET"]}}],"collection":[{"href":"https:\/\/www.canjuliana.com\/es\/wp-json\/wp\/v2\/pages"}],"about":[{"href":"https:\/\/www.canjuliana.com\/es\/wp-json\/wp\/v2\/types\/page"}],"author":[{"embeddable":true,"href":"https:\/\/www.canjuliana.com\/es\/wp-json\/wp\/v2\/users\/4"}],"replies":[{"embeddable":true,"href":"https:\/\/www.canjuliana.com\/es\/wp-json\/wp\/v2\/comments?post=13565"}],"version-history":[{"count":4,"href":"https:\/\/www.canjuliana.com\/es\/wp-json\/wp\/v2\/pages\/13565\/revisions"}],"predecessor-version":[{"id":14366,"href":"https:\/\/www.canjuliana.com\/es\/wp-json\/wp\/v2\/pages\/13565\/revisions\/14366"}],"wp:attachment":[{"href":"https:\/\/www.canjuliana.com\/es\/wp-json\/wp\/v2\/media?parent=13565"}],"curies":[{"name":"wp","href":"https:\/\/api.w.org\/{rel}","templated":true}]}}