{"id":13560,"date":"2020-05-28T08:07:32","date_gmt":"2020-05-28T07:07:32","guid":{"rendered":"https:\/\/www.canjuliana.com\/paintball-junior\/"},"modified":"2025-09-07T12:14:53","modified_gmt":"2025-09-07T11:14:53","slug":"paintball-junior","status":"publish","type":"page","link":"https:\/\/www.canjuliana.com\/es\/paintball-junior\/","title":{"rendered":"Paintball junior"},"content":{"rendered":"<div id=\"fixed-restaurant\"><a href=\"#bar-restaurant-anchor\">!Qu\u00e9date a comer!<\/a><\/div>\n<div class=\"content-container\">\n<div class=\"slider\">\n\t\t\t<!-- START Paintball junior ES REVOLUTION SLIDER 6.5.20 --><p class=\"rs-p-wp-fix\"><\/p>\n\t\t\t<rs-module-wrap id=\"rev_slider_100_1_wrapper\" data-source=\"gallery\" style=\"visibility:hidden;background:transparent;padding:0;margin:0px auto;margin-top:0;margin-bottom:0;\">\n\t\t\t\t<rs-module id=\"rev_slider_100_1\" style=\"\" data-version=\"6.5.20\">\n\t\t\t\t\t<rs-slides>\n\t\t\t\t\t\t<rs-slide style=\"position: absolute;\" data-key=\"rs-245\" data-title=\"Intro\" data-duration=\"5010\" data-anim=\"r:0;\" data-in=\"x:-100%;\">\n\t\t\t\t\t\t\t<img decoding=\"async\" src=\"\/\/www.canjuliana.com\/wp-content\/plugins\/revslider\/public\/assets\/assets\/dummy.png\" alt=\"\" title=\"Paintball junior\" class=\"rev-slidebg tp-rs-img rs-lazyload\" data-lazyload=\"\/\/www.canjuliana.com\/wp-content\/uploads\/2020\/01\/vertic_880_0.jpg\" data-parallax=\"10\" data-no-retina>\n<!--\n\t\t\t\t\t\t\t--><rs-layer\n\t\t\t\t\t\t\t\tid=\"slider-100-slide-245-layer-1\" \n\t\t\t\t\t\t\t\tdata-type=\"text\"\n\t\t\t\t\t\t\t\tdata-rsp_ch=\"on\"\n\t\t\t\t\t\t\t\tdata-xy=\"x:c;xo:11px;y:m;\"\n\t\t\t\t\t\t\t\tdata-text=\"s:60;l:70;fw:700;a:inherit;\"\n\t\t\t\t\t\t\t\tdata-frame_0=\"tp:600;\"\n\t\t\t\t\t\t\t\tdata-frame_1=\"tp:600;\"\n\t\t\t\t\t\t\t\tdata-frame_999=\"o:0;tp:600;st:w;sR:4710;\"\n\t\t\t\t\t\t\t\tstyle=\"z-index:5;font-family:'Open Sans';\"\n\t\t\t\t\t\t\t><h1>PAINTBALL JUNIOR<\/h1> \n\t\t\t\t\t\t\t<\/rs-layer><!--\n-->\t\t\t\t\t\t<\/rs-slide>\n\t\t\t\t\t<\/rs-slides>\n\t\t\t\t<\/rs-module>\n\t\t\t\t<script>\n\t\t\t\t\tsetREVStartSize({c: 'rev_slider_100_1',rl:[1240,1024,778,480],el:[352,768,960,720],gw:[1240,1024,778,480],gh:[352,768,960,720],type:'standard',justify:'',layout:'fullwidth',mh:\"0\"});if (window.RS_MODULES!==undefined && window.RS_MODULES.modules!==undefined && window.RS_MODULES.modules[\"revslider1001\"]!==undefined) {window.RS_MODULES.modules[\"revslider1001\"].once = false;window.revapi100 = undefined;if (window.RS_MODULES.checkMinimal!==undefined) window.RS_MODULES.checkMinimal()}\n\t\t\t\t<\/script>\n\t\t\t<\/rs-module-wrap>\n\t\t\t<!-- END REVOLUTION SLIDER -->\n<\/div>\n<div class=\"col-xl-12 col-lg-12 col-md-12 col-sm-12 col-xs-12 pl-0 pr-0\">\n<div class=\"texto-intro-pa\">\n<p>Goza de un gran d\u00eda jugando al <strong> paintball en Barcelona <\/strong> con tus amigos y amigas. Can Juliana cuenta con unas <strong> instalaciones de paintball <\/strong> de lo m\u00e1s reales. Mu\u00e9vete entre bosques de encina y campos con Trix y siente la emoci\u00f3n de vivir la guerra en primera persona. Consigue los objetivos como equipo superando el adversario. Disfrute de los diferentes campos con sus correspondientes objetivos.<\/p>\n<p>Adem\u00e1s paintball Can Juliana contamos con una equipaci\u00f3n de primera! M\u00e1scara Valken, chaleco antibalas, mono entero de camuflaje y una de las mejores marcadoras del mercado la BT-40; una marcadora semiautom\u00e1tica muy fiable y resistente.<\/p>\n<p><strong>El precio de la partida b\u00e1sica incluye 100 bolas de salida y la equipaci\u00f3n completa (mono, chaleco, m\u00e1scara y marcadora). La duraci\u00f3n depender\u00e1 de la rapidez con la que se gasten las bolas contratadas.\u00a0<\/strong><\/p>\n<div class=\"detalls\">\n<div class=\"detall edatMinima\"><span class=\"titolDetall\">EDAD M\u00cdNIMA<\/span>+10 <span class=\"subt\">a\u00f1os<\/span><\/div>\n<div class=\"detall durada\"><span class=\"titolDetall\">PRECIO PARTIDA B\u00c1SICA<\/span>18\u20ac<\/div>\n<div class=\"detall grup\"><span class=\"titolDetall\">GRUPO M\u00cdNIMO<\/span>+8<span class=\"subt\">personas<\/span><\/div>\n<div class=\"detall preu\"><span class=\"titolDetall\">C\u00c0RREGUES EXTRES <\/span>\u00a0cada 100 boles 6\u20ac<\/div>\n<\/div>\n<div class=\"botones-activitats\"><a class=\"boton-reserva\" href=\"#reserva\">RESERVAR<\/a><\/div>\n<\/div>\n<p><!--\n\n\n<div class=\"foto-paintball\">\n<img loading=\"lazy\" decoding=\"async\" src=\"https:\/\/www.canjuliana.com\/wp-content\/uploads\/2020\/01\/paintball-cat.jpg\" width=\"700\" height=\"700\"><\/div>\n\n\n<\/div>\n\n\n\n\n<div class=\"proves-container col-xl-12 col-lg-12 col-md-12 col-sm-12 col-xs-12 pl-0 pr-0\">\n\n\n<div class=\"content-text\">\n\n\n<h2>Les nostres proves<\/h2>\n\n\n\n\n<h3 class=\"subtitol\">M\u00faltiples escenaris i partides d\u2019all\u00f2 m\u00e9s realistes<\/h3>\n\n\nDurant l\u2019activitat del Paintball podreu gaudir de TOTS els nostres camps i TOTES les nostres proves i sempre estareu guiats per un dels nostres monitors. A ritme militar anireu passant de camp en camp complint objectius cada vegada m\u00e9s exigents i divertits.<\/div>\n\n\n--><\/p>\n<div class=\"content-proves\">\n<div class=\"prova col-xl-6 col-lg-6 col-md-6 col-sm-12 col-xs-12\">\n<div class=\"img-prova\"><img decoding=\"async\" class=\"lightbox-false\" title=\"Paintball Junior modo Capit\u00e1n\" src=\"https:\/\/www.canjuliana.com\/wp-content\/uploads\/2019\/09\/paintball-capita.jpg\" alt=\"Paintball Junior modo Capit\u00e1n\" width=\"100%\" \/><\/div>\n<div class=\"content-prova\">\n<h3>El capit\u00e1n<\/h3>\n<p>Descubre qui\u00e9n es el capit\u00e1n del equipo contrario y cazad antes de que ellos encuentren qui\u00e9n es vuestro! Uno de los juegos de Paintball m\u00e1s populares!<\/p>\n<\/div>\n<\/div>\n<div class=\"prova col-xl-6 col-lg-6 col-md-6 col-sm-12 col-xs-12\">\n<div class=\"img-prova\"><img decoding=\"async\" class=\"lightbox-false\" title=\"Paintball Junior Asalta al enemigo\" src=\"https:\/\/www.canjuliana.com\/wp-content\/uploads\/2019\/09\/paintball-assalta-enemic.jpg\" alt=\"Paintball Junior Asalta al enemigo\" width=\"100%\" \/><\/div>\n<div class=\"content-prova\">\n<h3>Asalta al enemigo<\/h3>\n<p>Eres de los que te gusta asaltar y conquistar nuevos territorios o de los que prefiere quedarse en la retaguardia defendiendo el castillo? La lucha es inminente! Paintball en estado puro!<\/p>\n<\/div>\n<\/div>\n<div class=\"prova col-xl-6 col-lg-6 col-md-6 col-sm-12 col-xs-12\">\n<div class=\"img-prova\"><img decoding=\"async\" class=\"lightbox-false\" title=\"Paintball Junior captura la bandera\" src=\"https:\/\/www.canjuliana.com\/wp-content\/uploads\/2019\/09\/paintball-la-bandera.jpg\" alt=\"Paintball Junior captura la bandera\" width=\"100%\" \/><\/div>\n<div class=\"content-prova\">\n<h3>La bandera<\/h3>\n<p>Os pensabais que el juego de la bandera era cosa de ni\u00f1os? Pues demostrar que sois capaces de robar la bandera al enemigo y acabar con su reinado! S\u00e9 el equipo m\u00e1s \u00e1gil del campo de Paintball!<\/p>\n<\/div>\n<\/div>\n<div class=\"prova col-xl-6 col-lg-6 col-md-6 col-sm-12 col-xs-12\">\n<div class=\"img-prova\"><img decoding=\"async\" class=\"lightbox-false\" title=\"Modo Paintball La Bomba\" src=\"https:\/\/www.canjuliana.com\/wp-content\/uploads\/2020\/09\/paintball-juego-bomba.jpg\" alt=\"Modo Paintball La Bomba\" width=\"100%\" \/><\/div>\n<div class=\"content-prova\">\n<h3>\u00a1La Bomba!<\/h3>\n<p>Hacer retroceder las filas del equipo contrario es de lo m\u00e1s dif\u00edcil cuando ellos intentan hacer lo mismo! Consigue cerrar todos los oponentes a su base. S\u00f3lo uno de los dos podr\u00e1 obtener la victoria!<\/p>\n<\/div>\n<\/div>\n<\/div>\n<\/div>\n<div class=\"separador-r tarifes col-xl-12 col-lg-12 col-md-12 col-sm-12 col-xs-12\">\n<div id=\"PRECIOS\" class=\"taulaActivitats\">\n<p><!--\n\n\n<h2 class=\"center\">Tarifas<\/h2>\n\n\n\n\n<table style=\"margin-bottom: 0px;\" border=\"0\" width=\"100%\">\n\n\n<thead>\n\n\n<tr>\n\n\n<td width=\"20%\"><\/td>\n\n\n\n\n<td width=\"11%\"><\/td>\n\n\n\n\n<td width=\"11%\"><\/td>\n\n\n\n\n<td width=\"11%\"><\/td>\n\n\n\n\n<td width=\"11%\"><\/td>\n\n\n\n\n<td width=\"11%\"><\/td>\n\n\n<\/tr>\n\n\n<\/thead>\n\n\n\n\n<tbody>\n\n\n<tr>\n\n\n<td><\/td>\n\n\n\n\n<td><\/td>\n\n\n\n\n<td><\/td>\n\n\n\n\n<td><\/td>\n\n\n\n\n<td><\/td>\n\n\n\n\n<td><\/td>\n\n\n<\/tr>\n\n\n\n\n<tr>\n\n\n<td><\/td>\n\n\n\n\n<td><\/td>\n\n\n\n\n<td><\/td>\n\n\n\n\n<td><\/td>\n\n\n\n\n<td><\/td>\n\n\n\n\n<td><\/td>\n\n\n<\/tr>\n\n\n\n\n<tr>\n\n\n<td><\/td>\n\n\n\n\n<td><\/td>\n\n\n\n\n<td><\/td>\n\n\n\n\n<td><\/td>\n\n\n\n\n<td><\/td>\n\n\n\n\n<td><\/td>\n\n\n<\/tr>\n\n\n\n\n<tr>\n\n\n<td><\/td>\n\n\n\n\n<td><\/td>\n\n\n\n\n<td>\u2013<\/td>\n\n\n\n\n<td>\u2013<\/td>\n\n\n\n\n<td>\u2013<\/td>\n\n\n\n\n<td>\u2013<\/td>\n\n\n<\/tr>\n\n\n\n\n<tr>\n\n\n<td colspan=\"6\">\n\n\n<p style=\"text-align: center; color: #ffffff; margin: 0px;\">Las tarifas de precios son por participante<\/p>\n\n\n<\/td>\n\n\n<\/tr>\n\n\n<\/tbody>\n\n\n<\/table>\n\n\n\n\n<p style=\"text-align: center; margin: 10px auto; font-size: 23px; color: #6a6a6a;\">De lunes a viernes 5% de dto.<\/p>\n\n\n--><\/p>\n<div class=\"botones-activitats\"><a class=\"boton-reserva\" href=\"#reserva\">RESERVAR<\/a><\/div>\n<\/div>\n<\/div>\n<div class=\"experiencia col-xl-12 col-lg-12 col-md-12 col-sm-12 col-xs-12 pl-0 pr-0\">\n<h2>Una experiencia paintball \u00fanica<\/h2>\n<div id=\"bar-restaurant-anchor\" class=\"experiencies detalls\">\n<div class=\"experiencia detall\"><i class=\"far fa-flag\"><\/i>M\u00faltiples escenarios realistas<\/div>\n<div class=\"experiencia detall\"><i class=\"far fa-star\"><\/i>Monitores acreditados<\/div>\n<div class=\"experiencia detall\"><i class=\"fas fa-hamburger\"><\/i>Servicio de bar<\/div>\n<div class=\"experiencia detall\"><i class=\"fas fa-restroom\"><\/i>WC<\/div>\n<\/div>\n<\/div>\n<div class=\"separador-r tarifes col-xl-12 col-lg-12 col-md-12 col-sm-12 col-xs-12 col-12 pl-0 pr-0\">\n<div id=\"PRECIOS\" class=\"taulaActivitats\">\n<h2 class=\"center\">Celebra tu fiesta en Can Juliana<\/h2>\n<table class=\"preus\" style=\"margin-bottom: 0px; margin-top: 30px;\" border=\"0\" width=\"100%\">\n<thead>\n<tr>\n<td width=\"13.2%\">Alquiler de mesas de picnic<\/td>\n<td width=\"11%\">Pack 1<\/td>\n<td width=\"11%\">Pack 2<\/td>\n<\/tr>\n<\/thead>\n<tbody>\n<tr>\n<td>\n<h4>1,80\u20ac<\/h4>\n<p><span class=\"subt\"> por ni\u00f1o\/a<\/span><br \/>\nIncluye: Alquiler de mesas picnic durante 1 hora 30 minutos (espacios exclusivo para participantes)<\/td>\n<td>\n<h4>6\u20ac<\/h4>\n<p><span class=\"subt\"> por ni\u00f1o\/a<\/span><br \/>\nIncluye: Pastel y refresco. (Sin servicio de monitor)<\/td>\n<td>\n<h4>7\u20ac<\/h4>\n<p><span class=\"subt\"> por ni\u00f1o\/a<\/span><br \/>\nIncluye: Pastel, refresco y mini-bocadillo. (Sin servicio de monitor)<\/td>\n<\/tr>\n<\/tbody>\n<\/table>\n<div><\/div>\n<div>El uso de estos servicios est\u00e1 reservado exclusivamente para los participantes de las actividades (infantil o junior). Las mesas de picnic estar\u00e1n disponibles para realizar los preparativos necesarios 30 minutos antes de que finalice la actividad. Este servicio est\u00e1 dise\u00f1ado para que los ni\u00f1os realicen las celebraciones, mientras que los padres pueden acompa\u00f1ar a sus hijos durante la celebraci\u00f3n. En ning\u00fan caso se permite el uso de las instalaciones para el consumo de bebidas o alimentos exclusivamente por parte de los adultos.<\/div>\n<div><\/div>\n<div class=\"botones-activitats\"><a class=\"boton-reserva\" href=\"#reserva\">RESERVAR<\/a><\/div>\n<\/div>\n<\/div>\n<\/div>\n","protected":false},"excerpt":{"rendered":"<p>!Qu\u00e9date a comer! Goza de un gran d\u00eda jugando al paintball en Barcelona con tus amigos y amigas. Can Juliana cuenta con unas instalaciones de paintball de lo m\u00e1s reales. Mu\u00e9vete entre bosques de encina y campos con Trix y siente la emoci\u00f3n de vivir la guerra en primera persona. Consigue los objetivos como equipo [&hellip;]<\/p>\n","protected":false},"author":4,"featured_media":0,"parent":0,"menu_order":0,"comment_status":"closed","ping_status":"closed","template":"template-servei-paintball.php","meta":{"rank_math_lock_modified_date":false,"footnotes":""},"class_list":["post-13560","page","type-page","status-publish","hentry"],"_links":{"self":[{"href":"https:\/\/www.canjuliana.com\/es\/wp-json\/wp\/v2\/pages\/13560","targetHints":{"allow":["GET"]}}],"collection":[{"href":"https:\/\/www.canjuliana.com\/es\/wp-json\/wp\/v2\/pages"}],"about":[{"href":"https:\/\/www.canjuliana.com\/es\/wp-json\/wp\/v2\/types\/page"}],"author":[{"embeddable":true,"href":"https:\/\/www.canjuliana.com\/es\/wp-json\/wp\/v2\/users\/4"}],"replies":[{"embeddable":true,"href":"https:\/\/www.canjuliana.com\/es\/wp-json\/wp\/v2\/comments?post=13560"}],"version-history":[{"count":28,"href":"https:\/\/www.canjuliana.com\/es\/wp-json\/wp\/v2\/pages\/13560\/revisions"}],"predecessor-version":[{"id":16102,"href":"https:\/\/www.canjuliana.com\/es\/wp-json\/wp\/v2\/pages\/13560\/revisions\/16102"}],"wp:attachment":[{"href":"https:\/\/www.canjuliana.com\/es\/wp-json\/wp\/v2\/media?parent=13560"}],"curies":[{"name":"wp","href":"https:\/\/api.w.org\/{rel}","templated":true}]}}