{"id":13553,"date":"2020-04-15T10:18:55","date_gmt":"2020-04-15T09:18:55","guid":{"rendered":"https:\/\/www.canjuliana.com\/paintball-adults\/"},"modified":"2025-09-07T16:25:39","modified_gmt":"2025-09-07T15:25:39","slug":"paintball-barcelona","status":"publish","type":"page","link":"https:\/\/www.canjuliana.com\/es\/paintball-barcelona\/","title":{"rendered":"Paintball"},"content":{"rendered":"<div id=\"fixed-restaurant\"><a href=\"#bar-restaurant-anchor\">\u00a1Qu\u00e9date a comer!<\/a><\/div>\n<div class=\"content-container\">\n<div class=\"slider\">\n\t\t\t<!-- START Paintball adults ES REVOLUTION SLIDER 6.5.20 --><p class=\"rs-p-wp-fix\"><\/p>\n\t\t\t<rs-module-wrap id=\"rev_slider_99_1_wrapper\" data-source=\"gallery\" style=\"visibility:hidden;background:transparent;padding:0;margin:0px auto;margin-top:0;margin-bottom:0;\">\n\t\t\t\t<rs-module id=\"rev_slider_99_1\" style=\"\" data-version=\"6.5.20\">\n\t\t\t\t\t<rs-slides>\n\t\t\t\t\t\t<rs-slide style=\"position: absolute;\" data-key=\"rs-244\" data-title=\"Intro\" data-duration=\"5010\" data-in=\"o:1;x:-100%;\">\n\t\t\t\t\t\t\t<img decoding=\"async\" src=\"\/\/www.canjuliana.com\/wp-content\/plugins\/revslider\/public\/assets\/assets\/dummy.png\" alt=\"\" title=\"Paintball\" class=\"rev-slidebg tp-rs-img rs-lazyload\" data-lazyload=\"\/\/www.canjuliana.com\/wp-content\/uploads\/2020\/01\/vertic_880_0.jpg\" data-parallax=\"10\" data-no-retina>\n\t\t\t\t\t\t\t<rs-bgvideo \n\t\t\t\t\t\t\t\tdata-video=\"vc:none;w:100%;h:100%;nse:false;l:true;ptimer:false;\"\n\t\t\t\t\t\t\t\tdata-ytid=\"da80rIdN6bg\"\n\t\t\t\t\t\t\t\tdata-vatr=\"version=3&amp;enablejsapi=1&amp;html5=1&amp;hd=1&amp;wmode=opaque&amp;showinfo=0&amp;rel=0&amp;origin=https:\/\/www.canjuliana.com;\"\n\t\t\t\t\t\t\t><\/rs-bgvideo>\n<!--\n\t\t\t\t\t\t\t--><rs-layer\n\t\t\t\t\t\t\t\tid=\"slider-99-slide-244-layer-1\" \n\t\t\t\t\t\t\t\tdata-type=\"text\"\n\t\t\t\t\t\t\t\tdata-color=\"#ffffff\"\n\t\t\t\t\t\t\t\tdata-rsp_ch=\"on\"\n\t\t\t\t\t\t\t\tdata-xy=\"x:c;xo:11px;y:c;\"\n\t\t\t\t\t\t\t\tdata-text=\"s:60;l:70;fw:700;a:inherit;\"\n\t\t\t\t\t\t\t\tdata-frame_999=\"o:0;st:w;sR:4710;\"\n\t\t\t\t\t\t\t\tstyle=\"z-index:9;font-family:'Open Sans';\"\n\t\t\t\t\t\t\t><h1>PAINTBALL BARCELONA<\/h1> \n\t\t\t\t\t\t\t<\/rs-layer><!--\n-->\t\t\t\t\t\t<\/rs-slide>\n\t\t\t\t\t<\/rs-slides>\n\t\t\t\t<\/rs-module>\n\t\t\t\t<script>\n\t\t\t\t\tsetREVStartSize({c: 'rev_slider_99_1',rl:[1240,1024,778,480],el:[352],gw:[1240],gh:[352],type:'standard',justify:'',layout:'fullwidth',mh:\"0\"});if (window.RS_MODULES!==undefined && window.RS_MODULES.modules!==undefined && window.RS_MODULES.modules[\"revslider991\"]!==undefined) {window.RS_MODULES.modules[\"revslider991\"].once = false;window.revapi99 = undefined;if (window.RS_MODULES.checkMinimal!==undefined) window.RS_MODULES.checkMinimal()}\n\t\t\t\t<\/script>\n\t\t\t\t<script src=\"https:\/\/www.youtube.com\/iframe_api\"><\/script>\n\t\t\t<\/rs-module-wrap>\n\t\t\t<!-- END REVOLUTION SLIDER -->\n<\/div>\n<div class=\"col-xl-12 col-lg-12 col-md-12 col-sm-12 col-xs-12 pl-0 pr-0\">\n<div class=\"texto-intro-pa\">\n<p>Goza de un gran d\u00eda jugando al<\/p>\n<h2 class=\"h2intext\"><strong>Paintball en Barcelona<\/strong><\/h2>\n<p>Can Juliana cuenta con 4 escenarios diferentes y unas instalaciones de paintball muy realistas, campos de bosque, zonas de descanso y zona de bar perfecto para pasar un d\u00eda completo haciendo actividades con amigos. Los bosques de encina y los campos con trincheras os har\u00e1n sentir como en una guerra de verdad. Debereis conseguir los objetivos de los juegos como equipo superando al adversario.<\/p>\n<p><strong>El precio de la partida b\u00e1sica incluye 100 bolas de salida y la equipaci\u00f3n completa (mono, chaleco, m\u00e1scara, marcadora). La duraci\u00f3n depender\u00e1 de la rapidez con la que se gasten las bolas contratadas.<\/strong><\/p>\n<div class=\"detalls\">\n<div class=\"detall edatMinima\"><span class=\"titolDetall\">EDAD M\u00cdNIMA <\/span>+14 <span class=\"subt\">a\u00f1os<\/span><\/div>\n<div class=\"detall durada\"><span class=\"titolDetall\">PRECIO PARTIDA B\u00c1SICA <\/span>18\u20ac<\/div>\n<div class=\"detall grup\"><span class=\"titolDetall\">GRUPO M\u00cdNIMO <\/span>+8 <span class=\"subt\">personas<\/span><\/div>\n<div class=\"detall preu\"><span class=\"titolDetall\">CARGAS EXTRAS <\/span>\u00a0cada 100 bolas 6\u20ac<\/div>\n<\/div>\n<div class=\"botones-activitats\"><a class=\"boton-reserva\" href=\"#reserva\">RESERVAR PAINTBALL<\/a><\/div>\n<\/div>\n<div class=\"content-proves\">\n<div class=\"prova col-xl-6 col-lg-6 col-md-6 col-sm-12 col-xs-12\">\n<div class=\"img-prova\"><img decoding=\"async\" class=\"lightbox-false\" title=\"Paintball joc capit\u00e0\" src=\"https:\/\/www.canjuliana.com\/wp-content\/uploads\/2019\/09\/paintball-capita.jpg\" alt=\"paintball Joc capit\u00e0\" width=\"100%\" \/><\/div>\n<div class=\"content-prova\">\n<h3>Campo 1<\/h3>\n<p>\u00abConquerir el territorio\u00bb<\/p>\n<\/div>\n<\/div>\n<div class=\"prova col-xl-6 col-lg-6 col-md-6 col-sm-12 col-xs-12\">\n<div class=\"img-prova\"><img decoding=\"async\" class=\"lightbox-false\" title=\"Paintball assalta l'enemic\" src=\"https:\/\/www.canjuliana.com\/wp-content\/uploads\/2019\/09\/paintball-assalta-enemic.jpg\" alt=\"Paintball joc assalta l'enemic\" width=\"100%\" \/><\/div>\n<div class=\"content-prova\">\n<h3>Campo 2<\/h3>\n<p>\u00abLucha de equipos\u00bb<\/p>\n<\/div>\n<\/div>\n<div class=\"prova col-xl-6 col-lg-6 col-md-6 col-sm-12 col-xs-12\">\n<div class=\"img-prova\"><img decoding=\"async\" class=\"lightbox-false\" title=\"Paintball captura la bandera\" src=\"https:\/\/www.canjuliana.com\/wp-content\/uploads\/2019\/09\/paintball-la-bandera.jpg\" alt=\"Paintball captura la bandera\" width=\"100%\" \/><\/div>\n<div class=\"content-prova\">\n<h3>Campo 3<\/h3>\n<p>\u00abla Bandera\u00bb<\/p>\n<\/div>\n<\/div>\n<div class=\"prova col-xl-6 col-lg-6 col-md-6 col-sm-12 col-xs-12\">\n<div class=\"img-prova\"><img decoding=\"async\" class=\"lightbox-false\" title=\"Paintball en equip\" src=\"https:\/\/www.canjuliana.com\/wp-content\/uploads\/2020\/09\/paintball-juego-bomba.jpg\" alt=\"Paintball en equip\" width=\"100%\" \/><\/div>\n<div class=\"content-prova\">\n<h3>Campo 4<\/h3>\n<p>\u00abLa bomba\u00bb<\/p>\n<\/div>\n<\/div>\n<\/div>\n<\/div>\n<div class=\"separador-r tarifes col-xl-12 col-lg-12 col-md-12 col-sm-12 col-xs-12\">\n<div id=\"PRECIOS\" class=\"taulaActivitats\">\n<h2 class=\"center\">Tarifas<\/h2>\n<div class=\"botones-activitats\"><a class=\"boton-reserva\" href=\"#reserva\">RESERVAR PAINTBALL<\/a><\/div>\n<\/div>\n<\/div>\n<div class=\"experiencia col-xl-12 col-lg-12 col-md-12 col-sm-12 col-xs-12 pl-0 pr-0\">\n<h2>Una experiencia paintball \u00fanica<\/h2>\n<div id=\"bar-restaurant-anchor\" class=\"experiencies detalls \">\n<div class=\"experiencia detall\">M\u00faltiples escenarios realistas<\/div>\n<div class=\"experiencia detall\">Monitores acreditados<\/div>\n<div class=\"experiencia detall\">Servicio de bar<\/div>\n<div class=\"experiencia detall\">WC<\/div>\n<\/div>\n<\/div>\n<\/div>\n","protected":false},"excerpt":{"rendered":"<p>\u00a1Qu\u00e9date a comer! Goza de un gran d\u00eda jugando al Paintball en Barcelona Can Juliana cuenta con 4 escenarios diferentes y unas instalaciones de paintball muy realistas, campos de bosque, zonas de descanso y zona de bar perfecto para pasar un d\u00eda completo haciendo actividades con amigos. Los bosques de encina y los campos con [&hellip;]<\/p>\n","protected":false},"author":4,"featured_media":0,"parent":0,"menu_order":0,"comment_status":"closed","ping_status":"closed","template":"template-servei-paintball.php","meta":{"rank_math_lock_modified_date":false,"footnotes":""},"class_list":["post-13553","page","type-page","status-publish","hentry"],"_links":{"self":[{"href":"https:\/\/www.canjuliana.com\/es\/wp-json\/wp\/v2\/pages\/13553","targetHints":{"allow":["GET"]}}],"collection":[{"href":"https:\/\/www.canjuliana.com\/es\/wp-json\/wp\/v2\/pages"}],"about":[{"href":"https:\/\/www.canjuliana.com\/es\/wp-json\/wp\/v2\/types\/page"}],"author":[{"embeddable":true,"href":"https:\/\/www.canjuliana.com\/es\/wp-json\/wp\/v2\/users\/4"}],"replies":[{"embeddable":true,"href":"https:\/\/www.canjuliana.com\/es\/wp-json\/wp\/v2\/comments?post=13553"}],"version-history":[{"count":33,"href":"https:\/\/www.canjuliana.com\/es\/wp-json\/wp\/v2\/pages\/13553\/revisions"}],"predecessor-version":[{"id":16114,"href":"https:\/\/www.canjuliana.com\/es\/wp-json\/wp\/v2\/pages\/13553\/revisions\/16114"}],"wp:attachment":[{"href":"https:\/\/www.canjuliana.com\/es\/wp-json\/wp\/v2\/media?parent=13553"}],"curies":[{"name":"wp","href":"https:\/\/api.w.org\/{rel}","templated":true}]}}